{"id":1166,"date":"2025-04-18T15:27:24","date_gmt":"2025-04-18T20:27:24","guid":{"rendered":"https:\/\/simplefixrx.com\/?page_id=1166"},"modified":"2025-12-09T16:32:20","modified_gmt":"2025-12-09T22:32:20","slug":"weight-management-treatment-options","status":"publish","type":"page","link":"https:\/\/simplefixrx.com\/es\/weight-management-treatment-options\/","title":{"rendered":"WEIGHT LOSS"},"content":{"rendered":"<section class=\"section\" id=\"section_1335195306\">\n\t\t<div class=\"section-bg fill\" >\n\t\t\t<img decoding=\"async\" width=\"1400\" height=\"934\" src=\"https:\/\/simplefixrx.com\/wp-content\/uploads\/2025\/04\/your-health-is-what-he-works-for-2.jpeg\" class=\"bg attachment- size-\" alt=\"weight loss clinic\" \/>\t\t\t\t\t\t\n\t\t\t\n\n\t\t<\/div>\n\n\t\t\n\n\t\t<div class=\"section-content relative\">\n\t\t\t\n\t\t<\/div>\n\n\t\t\n<style>\n#section_1335195306 {\n  padding-top: 30px;\n  padding-bottom: 30px;\n  min-height: 300px;\n}\n#section_1335195306 .section-bg img {\n  object-position: 90% 10%;\n}\n@media (min-width:550px) {\n  #section_1335195306 {\n    min-height: 400px;\n  }\n}\n@media (min-width:850px) {\n  #section_1335195306 {\n    min-height: 400px;\n  }\n}\n<\/style>\n\t<\/section>\n\t\n\n\t<section class=\"section\" id=\"section_1145361552\">\n\t\t<div class=\"section-bg fill\" >\n\t\t\t\t\t\t\t\t\t\n\t\t\t\n\n\t\t<\/div>\n\n\t\t\n\n\t\t<div class=\"section-content relative\">\n\t\t\t\n<div class=\"row align-center\"  id=\"row-950220070\">\n\n\t<div id=\"col-1075782066\" class=\"col medium-12 small-12 large-6\"  >\n\t\t\t\t<div class=\"col-inner\"  >\n\t\t\t\n\t\t\t\n\t<div id=\"gap-1964820478\" class=\"gap-element clearfix\" style=\"display:block; height:auto;\">\n\t\t\n<style>\n#gap-1964820478 {\n  padding-top: 10px;\n}\n@media (min-width:550px) {\n  #gap-1964820478 {\n    padding-top: 20px;\n  }\n}\n@media (min-width:850px) {\n  #gap-1964820478 {\n    padding-top: 30px;\n  }\n}\n<\/style>\n\t<\/div>\n\t\n\t<div id=\"text-2499163581\" class=\"text\">\n\t\t\n<h1><span style=\"font-size: 90%;\">Tu salud, tu plan: tratamiento personalizado que funciona para ti.<\/span><\/h1>\n\t\t\n<style>\n#text-2499163581 {\n  font-size: 1.55rem;\n}\n<\/style>\n\t<\/div>\n\t\n<p class=\"p1\"><strong>Same trusted support. Same science-backed results. Now with even more ways to make it work for <span class=\"s1\">you<\/span>.<\/strong><\/p>\n<p>Sabemos que cada cuerpo es diferente; por eso, nuestro equipo ahora ofrece m\u00faltiples opciones de tratamiento, cada una adaptada a tus objetivos, estilo de vida y presupuesto. Ya sea que est\u00e9s comenzando o continuando con tu tratamiento, estamos aqu\u00ed para hacerlo simple, efectivo y sin estr\u00e9s.<\/p>\n<p><a href=\"https:\/\/support.careglp.com\/support\/solutions\/articles\/73000633802-glp-1-safety-information\" target=\"_blank\" rel=\"noopener noreferrer\"><br \/>\nIMPORTANT SAFETY INFORMATION<br \/>\n<\/a>.<\/p>\n\t\t<\/div>\n\t\t\t\t\n<style>\n#col-1075782066 > .col-inner {\n  padding: 0px 0% 0px 0px;\n}\n@media (min-width:550px) {\n  #col-1075782066 > .col-inner {\n    padding: 0px 10% 0px 0px;\n  }\n}\n<\/style>\n\t<\/div>\n\n\t\n\n\t<div id=\"col-199600165\" class=\"col medium-12 small-12 large-6\"  >\n\t\t\t\t<div class=\"col-inner\" style=\"background-color:rgb(241, 241, 241);\" >\n\t\t\t\n\t<div class=\"is-border\"\n\t\tstyle=\"border-color:#f8238b;border-width:10px 0px 0px 0px;\">\n\t<\/div>\n\t\t\t\n\t<div id=\"text-1966707112\" class=\"text\">\n\t\t\n<h3>C\u00f3mo funciona<br \/>\n\t\t\n<style>\n#text-1966707112 {\n  font-size: 1.25rem;\n}\n<\/style>\n\t<\/div>\n\t<\/h3>\n<ul>\n<li class=\"bullet-checkmark\">Completa el cuestionario de salud.<\/li>\n<li class=\"bullet-checkmark\">M\u00e9dicos certificados por la junta revisar\u00e1n tu caso y, si eres candidato, elaborar\u00e1n un plan individualizado para ti. No se te cobrar\u00e1 si no eres candidato.<\/li>\n<li class=\"bullet-checkmark\">El medicamento se enviar\u00e1 a tu domicilio en un empaque discreto. \u00a1Estar\u00e1s en camino de ser tu mejor versi\u00f3n!<\/li>\n<\/ul>\n<p><span style=\"font-size: 110%;\">No pressure. No complicated hoops. Just <strong>real help<\/strong>, from <strong>real people<\/strong> who care.<b>\ud83d\udc96<\/b><\/span><\/p>\n<a href=\"https:\/\/simplefixrx.com\/es\/order\/\" class=\"button primary is-large\"  style=\"border-radius:99px;\">\n\t\t<span>Comenzar<\/span>\n\t<\/a>\n\n\t\t<\/div>\n\t\t\t\t\n<style>\n#col-199600165 > .col-inner {\n  padding: 10% 10% 5% 10%;\n  margin: 0 0px 0px 0px;\n}\n@media (min-width:550px) {\n  #col-199600165 > .col-inner {\n    padding: 10% 10% 8% 10%;\n  }\n}\n@media (min-width:850px) {\n  #col-199600165 > .col-inner {\n    padding: 15% 15% 10% 15%;\n    margin: -130px 0px 0px 0px;\n  }\n}\n<\/style>\n\t<\/div>\n\n\t\n<\/div>\n<div class=\"row\"  id=\"row-1137229738\">\n\n\t<div id=\"col-296553591\" class=\"col medium-2 small-12 large-2\"  >\n\t\t\t\t<div class=\"col-inner\"  >\n\t\t\t\n\t\t\t\n\t\t<\/div>\n\t\t\t\t\t<\/div>\n\n\t\n<\/div>\n\t\t<\/div>\n\n\t\t\n<style>\n#section_1145361552 {\n  padding-top: 15px;\n  padding-bottom: 15px;\n}\n@media (min-width:550px) {\n  #section_1145361552 {\n    padding-top: 30px;\n    padding-bottom: 30px;\n  }\n}\n<\/style>\n\t<\/section>","protected":false},"excerpt":{"rendered":"","protected":false},"author":1,"featured_media":1181,"parent":0,"menu_order":0,"comment_status":"closed","ping_status":"closed","template":"","meta":{"googlesitekit_rrm_CAowkq3dCw:productID":"","footnotes":""},"class_list":["post-1166","page","type-page","status-publish","has-post-thumbnail","hentry"],"yoast_head":"<!-- This site is optimized with the Yoast SEO plugin v25.5 - https:\/\/yoast.com\/wordpress\/plugins\/seo\/ -->\n<title>Options Medical Weight Loss \u2013 Personalized Plans for Real Results<\/title>\n<meta name=\"description\" content=\"Weight Loss: Explore effective strategies, expert guidance, and proven methods to achieve lasting weight loss, improve health, boost energy, and maintain a sustainable lifestyle.\" \/>\n<meta name=\"robots\" content=\"index, follow, max-snippet:-1, max-image-preview:large, max-video-preview:-1\" \/>\n<link rel=\"canonical\" href=\"https:\/\/simplefixrx.com\/es\/weight-management-treatment-options\/\" \/>\n<meta property=\"og:locale\" content=\"es_MX\" \/>\n<meta property=\"og:type\" content=\"article\" \/>\n<meta property=\"og:title\" content=\"Options Medical Weight Loss \u2013 Personalized Plans for Real Results\" \/>\n<meta property=\"og:description\" content=\"Weight Loss: Explore effective strategies, expert guidance, and proven methods to achieve lasting weight loss, improve health, boost energy, and maintain a sustainable lifestyle.\" \/>\n<meta property=\"og:url\" content=\"https:\/\/simplefixrx.com\/es\/weight-management-treatment-options\/\" \/>\n<meta property=\"og:site_name\" content=\"SimpleFix Rx\" \/>\n<meta property=\"article:modified_time\" content=\"2025-12-09T22:32:20+00:00\" \/>\n<meta property=\"og:image\" content=\"https:\/\/simplefixrx.com\/wp-content\/uploads\/2025\/04\/your-health-is-what-he-works-for-2.jpeg\" \/>\n\t<meta property=\"og:image:width\" content=\"1400\" \/>\n\t<meta property=\"og:image:height\" content=\"934\" \/>\n\t<meta property=\"og:image:type\" content=\"image\/jpeg\" \/>\n<meta name=\"twitter:card\" content=\"summary_large_image\" \/>\n<meta name=\"twitter:label1\" content=\"Tiempo de lectura\" \/>\n\t<meta name=\"twitter:data1\" content=\"2 minutos\" \/>\n<script type=\"application\/ld+json\" class=\"yoast-schema-graph\">{\"@context\":\"https:\/\/schema.org\",\"@graph\":[{\"@type\":\"WebPage\",\"@id\":\"https:\/\/simplefixrx.com\/weight-management-treatment-options\/\",\"url\":\"https:\/\/simplefixrx.com\/weight-management-treatment-options\/\",\"name\":\"Options Medical Weight Loss \u2013 Personalized Plans for Real Results\",\"isPartOf\":{\"@id\":\"https:\/\/simplefixrx.com\/#website\"},\"primaryImageOfPage\":{\"@id\":\"https:\/\/simplefixrx.com\/weight-management-treatment-options\/#primaryimage\"},\"image\":{\"@id\":\"https:\/\/simplefixrx.com\/weight-management-treatment-options\/#primaryimage\"},\"thumbnailUrl\":\"https:\/\/simplefixrx.com\/wp-content\/uploads\/2025\/04\/your-health-is-what-he-works-for-2.jpeg\",\"datePublished\":\"2025-04-18T20:27:24+00:00\",\"dateModified\":\"2025-12-09T22:32:20+00:00\",\"description\":\"Weight Loss: Explore effective strategies, expert guidance, and proven methods to achieve lasting weight loss, improve health, boost energy, and maintain a sustainable lifestyle.\",\"breadcrumb\":{\"@id\":\"https:\/\/simplefixrx.com\/weight-management-treatment-options\/#breadcrumb\"},\"inLanguage\":\"es\",\"potentialAction\":[{\"@type\":\"ReadAction\",\"target\":[\"https:\/\/simplefixrx.com\/weight-management-treatment-options\/\"]}]},{\"@type\":\"ImageObject\",\"inLanguage\":\"es\",\"@id\":\"https:\/\/simplefixrx.com\/weight-management-treatment-options\/#primaryimage\",\"url\":\"https:\/\/simplefixrx.com\/wp-content\/uploads\/2025\/04\/your-health-is-what-he-works-for-2.jpeg\",\"contentUrl\":\"https:\/\/simplefixrx.com\/wp-content\/uploads\/2025\/04\/your-health-is-what-he-works-for-2.jpeg\",\"width\":1400,\"height\":934,\"caption\":\"weight loss clinic\"},{\"@type\":\"BreadcrumbList\",\"@id\":\"https:\/\/simplefixrx.com\/weight-management-treatment-options\/#breadcrumb\",\"itemListElement\":[{\"@type\":\"ListItem\",\"position\":1,\"name\":\"Home\",\"item\":\"https:\/\/simplefixrx.com\/\"},{\"@type\":\"ListItem\",\"position\":2,\"name\":\"WEIGHT LOSS\"}]},{\"@type\":\"WebSite\",\"@id\":\"https:\/\/simplefixrx.com\/#website\",\"url\":\"https:\/\/simplefixrx.com\/\",\"name\":\"SimpleFix Rx\",\"description\":\"\",\"potentialAction\":[{\"@type\":\"SearchAction\",\"target\":{\"@type\":\"EntryPoint\",\"urlTemplate\":\"https:\/\/simplefixrx.com\/?s={search_term_string}\"},\"query-input\":{\"@type\":\"PropertyValueSpecification\",\"valueRequired\":true,\"valueName\":\"search_term_string\"}}],\"inLanguage\":\"es\"}]}<\/script>\n<!-- \/ Yoast SEO plugin. -->","yoast_head_json":{"title":"Options Medical Weight Loss \u2013 Personalized Plans for Real Results","description":"Weight Loss: Explore effective strategies, expert guidance, and proven methods to achieve lasting weight loss, improve health, boost energy, and maintain a sustainable lifestyle.","robots":{"index":"index","follow":"follow","max-snippet":"max-snippet:-1","max-image-preview":"max-image-preview:large","max-video-preview":"max-video-preview:-1"},"canonical":"https:\/\/simplefixrx.com\/es\/weight-management-treatment-options\/","og_locale":"es_MX","og_type":"article","og_title":"Options Medical Weight Loss \u2013 Personalized Plans for Real Results","og_description":"Weight Loss: Explore effective strategies, expert guidance, and proven methods to achieve lasting weight loss, improve health, boost energy, and maintain a sustainable lifestyle.","og_url":"https:\/\/simplefixrx.com\/es\/weight-management-treatment-options\/","og_site_name":"SimpleFix Rx","article_modified_time":"2025-12-09T22:32:20+00:00","og_image":[{"width":1400,"height":934,"url":"https:\/\/simplefixrx.com\/wp-content\/uploads\/2025\/04\/your-health-is-what-he-works-for-2.jpeg","type":"image\/jpeg"}],"twitter_card":"summary_large_image","twitter_misc":{"Tiempo de lectura":"2 minutos"},"schema":{"@context":"https:\/\/schema.org","@graph":[{"@type":"WebPage","@id":"https:\/\/simplefixrx.com\/weight-management-treatment-options\/","url":"https:\/\/simplefixrx.com\/weight-management-treatment-options\/","name":"Options Medical Weight Loss \u2013 Personalized Plans for Real Results","isPartOf":{"@id":"https:\/\/simplefixrx.com\/#website"},"primaryImageOfPage":{"@id":"https:\/\/simplefixrx.com\/weight-management-treatment-options\/#primaryimage"},"image":{"@id":"https:\/\/simplefixrx.com\/weight-management-treatment-options\/#primaryimage"},"thumbnailUrl":"https:\/\/simplefixrx.com\/wp-content\/uploads\/2025\/04\/your-health-is-what-he-works-for-2.jpeg","datePublished":"2025-04-18T20:27:24+00:00","dateModified":"2025-12-09T22:32:20+00:00","description":"Weight Loss: Explore effective strategies, expert guidance, and proven methods to achieve lasting weight loss, improve health, boost energy, and maintain a sustainable lifestyle.","breadcrumb":{"@id":"https:\/\/simplefixrx.com\/weight-management-treatment-options\/#breadcrumb"},"inLanguage":"es","potentialAction":[{"@type":"ReadAction","target":["https:\/\/simplefixrx.com\/weight-management-treatment-options\/"]}]},{"@type":"ImageObject","inLanguage":"es","@id":"https:\/\/simplefixrx.com\/weight-management-treatment-options\/#primaryimage","url":"https:\/\/simplefixrx.com\/wp-content\/uploads\/2025\/04\/your-health-is-what-he-works-for-2.jpeg","contentUrl":"https:\/\/simplefixrx.com\/wp-content\/uploads\/2025\/04\/your-health-is-what-he-works-for-2.jpeg","width":1400,"height":934,"caption":"weight loss clinic"},{"@type":"BreadcrumbList","@id":"https:\/\/simplefixrx.com\/weight-management-treatment-options\/#breadcrumb","itemListElement":[{"@type":"ListItem","position":1,"name":"Home","item":"https:\/\/simplefixrx.com\/"},{"@type":"ListItem","position":2,"name":"WEIGHT LOSS"}]},{"@type":"WebSite","@id":"https:\/\/simplefixrx.com\/#website","url":"https:\/\/simplefixrx.com\/","name":"SimpleFix Rx","description":"","potentialAction":[{"@type":"SearchAction","target":{"@type":"EntryPoint","urlTemplate":"https:\/\/simplefixrx.com\/?s={search_term_string}"},"query-input":{"@type":"PropertyValueSpecification","valueRequired":true,"valueName":"search_term_string"}}],"inLanguage":"es"}]}},"_links":{"self":[{"href":"https:\/\/simplefixrx.com\/es\/wp-json\/wp\/v2\/pages\/1166","targetHints":{"allow":["GET"]}}],"collection":[{"href":"https:\/\/simplefixrx.com\/es\/wp-json\/wp\/v2\/pages"}],"about":[{"href":"https:\/\/simplefixrx.com\/es\/wp-json\/wp\/v2\/types\/page"}],"author":[{"embeddable":true,"href":"https:\/\/simplefixrx.com\/es\/wp-json\/wp\/v2\/users\/1"}],"replies":[{"embeddable":true,"href":"https:\/\/simplefixrx.com\/es\/wp-json\/wp\/v2\/comments?post=1166"}],"version-history":[{"count":0,"href":"https:\/\/simplefixrx.com\/es\/wp-json\/wp\/v2\/pages\/1166\/revisions"}],"wp:featuredmedia":[{"embeddable":true,"href":"https:\/\/simplefixrx.com\/es\/wp-json\/wp\/v2\/media\/1181"}],"wp:attachment":[{"href":"https:\/\/simplefixrx.com\/es\/wp-json\/wp\/v2\/media?parent=1166"}],"curies":[{"name":"wp","href":"https:\/\/api.w.org\/{rel}","templated":true}]}}