{"id":1216,"date":"2025-05-27T08:15:00","date_gmt":"2025-05-27T13:15:00","guid":{"rendered":"https:\/\/simplefixrx.com\/?page_id=1216"},"modified":"2025-08-05T14:02:09","modified_gmt":"2025-08-05T19:02:09","slug":"nad","status":"publish","type":"page","link":"https:\/\/simplefixrx.com\/es\/nad\/","title":{"rendered":"NAD+"},"content":{"rendered":"<div class=\"row\"  id=\"row-1156667298\">\n\n\t<div id=\"col-1600673925\" class=\"col small-12 large-12\"  >\n\t\t\t\t<div class=\"col-inner\"  >\n\t\t\t\n\t\t\t\n\n\t<section class=\"section dark has-parallax\" id=\"section_1889301878\">\n\t\t<div class=\"section-bg fill\" data-parallax-container=\".section\" data-parallax-background data-parallax=\"-1\">\n\t\t\t<img decoding=\"async\" width=\"1978\" height=\"2560\" src=\"https:\/\/simplefixrx.com\/wp-content\/uploads\/2025\/05\/image-4-scaled.png\" class=\"bg attachment-original size-original\" alt=\"anti aging treatments\" \/>\t\t\t\t\t\t<div class=\"section-bg-overlay absolute fill\"><\/div>\n\t\t\t\n\n\t\t<\/div>\n\n\t\t\n\n\t\t<div class=\"section-content relative\">\n\t\t\t\n  <div id=\"page-header-456528753\" class=\"page-header-wrapper\">\n  <div class=\"page-title dark simple-title\">\n\n    \n    <div class=\"page-title-inner container align-center text-center flex-row-col medium-flex-wrap\" >\n              <div class=\"title-wrapper is-xlarge flex-col\">\n          <h1 class=\"entry-title mb-0\">\n            NAD+ ANTI-EDAD          <\/h1>\n        <\/div>\n                    <div class=\"title-content flex-col\">\n        <ul class=\"nav sm-touch-scroll nav-line nav-uppercase text-center nav-center\"><li class=\"nav-single-page hidden\"><\/li><\/ul>      <\/div>\n    <\/div>\n\n       <\/div>\n    <\/div>\n  \n\t\t<\/div>\n\n\t\t\n<style>\n#section_1889301878 {\n  padding-top: 100px;\n  padding-bottom: 100px;\n}\n#section_1889301878 .section-bg-overlay {\n  background-color: rgba(0, 0, 0, 0.326);\n}\n#section_1889301878 .section-bg img {\n  object-position: 49% 38%;\n}\n@media (min-width:550px) {\n  #section_1889301878 {\n    padding-top: 140px;\n    padding-bottom: 140px;\n  }\n}\n@media (min-width:850px) {\n  #section_1889301878 {\n    padding-top: 140px;\n    padding-bottom: 140px;\n  }\n}\n<\/style>\n\t<\/section>\n\t\n\t\t<\/div>\n\t\t\t\t\t<\/div>\n\n\t\n<\/div>\n\n\t<section class=\"section\" id=\"section_1979988622\">\n\t\t<div class=\"section-bg fill\" >\n\t\t\t\t\t\t\t\t\t\n\t\t\t\n\n\t\t<\/div>\n\n\t\t\n\n\t\t<div class=\"section-content relative\">\n\t\t\t\n<div class=\"row\"  id=\"row-419868986\">\n\n\t<div id=\"col-1223858906\" class=\"col small-12 large-12\"  >\n\t\t\t\t<div class=\"col-inner\"  >\n\t\t\t\n\t\t\t\n\t<div id=\"gap-1264726387\" class=\"gap-element clearfix\" style=\"display:block; height:auto;\">\n\t\t\n<style>\n#gap-1264726387 {\n  padding-top: 10px;\n}\n<\/style>\n\t<\/div>\n\t\n<h2><span style=\"font-size: 150%;\">NAD+ ANTI-EDAD<\/span><\/h2>\n\t\t<\/div>\n\t\t\t\t\t<\/div>\n\n\t\n<\/div>\n<div class=\"row\"  id=\"row-911913082\">\n\n\t<div id=\"col-11227940\" class=\"col medium-7 small-12 large-7\"  >\n\t\t\t\t<div class=\"col-inner\"  >\n\t\t\t\n\t\t\t\n<section class=\"elementor-section elementor-top-section elementor-element elementor-element-4796f0cb elementor-section-content-middle elementor-reverse-mobile elementor-section-boxed elementor-section-height-default elementor-section-height-default\" data-id=\"4796f0cb\" data-element_type=\"section\" data-settings=\"{&quot;background_background&quot;:&quot;classic&quot;,&quot;tmea_shape_divider_top&quot;:&quot;none&quot;,&quot;tmea_shape_divider_bottom&quot;:&quot;none&quot;}\">\n<div class=\"elementor-container elementor-column-gap-wide\">\n<div class=\"elementor-row\">\n<div class=\"elementor-column elementor-col-100 elementor-top-column elementor-element elementor-element-4a45b37d\" data-id=\"4a45b37d\" data-element_type=\"column\">\n<div class=\"elementor-column-wrap elementor-element-populated\">\n<div class=\"elementor-widget-wrap\">\n<div class=\"elementor-element elementor-element-7b739cc elementor-widget elementor-widget-text-editor\" data-id=\"7b739cc\" data-element_type=\"widget\" data-widget_type=\"text-editor.default\">\n<div class=\"elementor-widget-container\">\n<div class=\"elementor-text-editor elementor-clearfix\">\n<p>Nicotinamida Adenina Dinucle\u00f3tido (NAD+)\nEl NAD\u207a es una mol\u00e9cula poderosa que se encuentra en cada c\u00e9lula de tu cuerpo. Potencia tu energ\u00eda, favorece un envejecimiento saludable y ayuda a reparar el ADN. A medida que envejecemos, los niveles de NAD\u207a disminuyen, \u00a1pero puedes ayudar a restaurarlos!<\/p>\n<\/div>\n<\/div>\n<\/div>\n<\/div>\n<\/div>\n<\/div>\n<\/div>\n<\/div>\n<\/section>\n\t\t<\/div>\n\t\t\t\t\t<\/div>\n\n\t\n\n\t<div id=\"col-22869069\" class=\"col medium-4 small-12 large-4\"  >\n\t\t\t\t<div class=\"col-inner\"  >\n\t\t\t\n\t\t\t\n<a href=\"https:\/\/simplefixrx.com\/es\/1-nad-questionnaire\/\" class=\"button primary\"  style=\"border-radius:22px;\">\n\t\t<span>COMENZAR<\/span>\n\t<\/a>\n\n\t\t<\/div>\n\t\t\t\t\t<\/div>\n\n\t\n<\/div>\n\t<div id=\"gap-851314008\" class=\"gap-element clearfix\" style=\"display:block; height:auto;\">\n\t\t\n<style>\n#gap-851314008 {\n  padding-top: 300px;\n}\n<\/style>\n\t<\/div>\n\t\n\t\t<\/div>\n\n\t\t\n<style>\n#section_1979988622 {\n  padding-top: 30px;\n  padding-bottom: 30px;\n}\n<\/style>\n\t<\/section>\n\t\n\n\t<section class=\"section\" id=\"section_1256444139\">\n\t\t<div class=\"section-bg fill\" >\n\t\t\t\t\t\t\t\t\t\n\t\t\t\n\n\t\t<\/div>\n\n\t\t\n\n\t\t<div class=\"section-content relative\">\n\t\t\t\n<div class=\"row\"  id=\"row-2088660674\">\n\n\t<div id=\"col-381883085\" class=\"col small-12 large-12\"  >\n\t\t\t\t<div class=\"col-inner\"  >\n\t\t\t\n\t\t\t\n<div class=\"row\"  id=\"row-194931503\">\n\n\t<div id=\"col-1672891145\" class=\"col medium-5 small-12 large-5\"  >\n\t\t\t\t<div class=\"col-inner\"  >\n\t\t\t\n\t\t\t\n\n  <div class=\"banner has-hover has-parallax\" id=\"banner-686304312\">\n          <div class=\"banner-inner fill\">\n        <div class=\"banner-bg fill\" data-parallax=\"-1\" data-parallax-container=\".banner\" data-parallax-background>\n            <img decoding=\"async\" width=\"1978\" height=\"2560\" src=\"https:\/\/simplefixrx.com\/wp-content\/uploads\/2025\/05\/image-322-scaled.png\" class=\"bg attachment-original size-original\" alt=\"\" \/>                                    \n                    <\/div>\n\t\t\n        <div class=\"banner-layers container\">\n            <div class=\"fill banner-link\"><\/div>            \n   <div id=\"text-box-271417392\" class=\"text-box banner-layer x50 md-x50 lg-x50 y50 md-y50 lg-y50 res-text\">\n                                <div class=\"text-box-content text dark\">\n              \n              <div class=\"text-inner text-center\">\n                  \n              <\/div>\n           <\/div>\n                            \n<style>\n#text-box-271417392 {\n  width: 60%;\n}\n#text-box-271417392 .text-box-content {\n  font-size: 100%;\n}\n@media (min-width:550px) {\n  #text-box-271417392 {\n    width: 60%;\n  }\n}\n<\/style>\n    <\/div>\n \n        <\/div>\n      <\/div>\n\n            \n<style>\n#banner-686304312 {\n  padding-top: 360px;\n  background-color: rgb(250, 250, 250);\n}\n#banner-686304312 .banner-bg img {\n  object-position: 49% 0%;\n}\n<\/style>\n  <\/div>\n\n\n\t<div id=\"gap-770901699\" class=\"gap-element clearfix\" style=\"display:block; height:auto;\">\n\t\t\n<style>\n#gap-770901699 {\n  padding-top: 40px;\n}\n<\/style>\n\t<\/div>\n\t\n\t<div id=\"gap-258773640\" class=\"gap-element clearfix\" style=\"display:block; height:auto;\">\n\t\t\n<style>\n#gap-258773640 {\n  padding-top: 30px;\n}\n<\/style>\n\t<\/div>\n\t\n\t<div id=\"text-3854861058\" class=\"text\">\n\t\t\n<p style=\"text-align: center; margin-bottom: 5px;\">NAD+ ANTI-EDAD<\/p>\n<h2 style=\"text-align: center;\"><span class=\"fancy-underline\">Simplificado<\/span><\/h2>\n\t\t\n<style>\n#text-3854861058 {\n  font-size: 2.3rem;\n  line-height: 0.75;\n  text-align: left;\n  color: rgb(255,255,255);\n}\n#text-3854861058 > * {\n  color: rgb(255,255,255);\n}\n<\/style>\n\t<\/div>\n\t\n\t\t<\/div>\n\t\t\t\t\t<\/div>\n\n\t\n\n\t<div id=\"col-694755084\" class=\"col medium-7 small-12 large-7\"  >\n\t\t\t\t<div class=\"col-inner\"  >\n\t\t\t\n\t\t\t\n\n  <div class=\"banner has-hover has-parallax\" id=\"banner-502785770\">\n          <div class=\"banner-inner fill\">\n        <div class=\"banner-bg fill\" data-parallax=\"-1\" data-parallax-container=\".banner\" data-parallax-background>\n            <img decoding=\"async\" width=\"927\" height=\"1200\" src=\"https:\/\/simplefixrx.com\/wp-content\/uploads\/2025\/05\/Untitled-4.png\" class=\"bg attachment-original size-original\" alt=\"\" \/>                                    \n\t<div class=\"is-border\"\n\t\tstyle=\"border-width:0px 0px 0px 0px;\">\n\t<\/div>\n                    <\/div>\n\t\t\n        <div class=\"banner-layers container\">\n            <div class=\"fill banner-link\"><\/div>            \n   <div id=\"text-box-777605466\" class=\"text-box banner-layer x50 md-x50 lg-x50 y50 md-y50 lg-y50 res-text\">\n                                <div class=\"text-box-content text dark\">\n              \n              <div class=\"text-inner text-center\">\n                  \n              <\/div>\n           <\/div>\n                            \n<style>\n#text-box-777605466 {\n  width: 60%;\n}\n#text-box-777605466 .text-box-content {\n  font-size: 100%;\n}\n@media (min-width:550px) {\n  #text-box-777605466 {\n    width: 60%;\n  }\n}\n<\/style>\n    <\/div>\n \n        <\/div>\n      <\/div>\n\n            \n<style>\n#banner-502785770 {\n  padding-top: 800px;\n  background-color: rgb(250, 250, 250);\n}\n#banner-502785770 .banner-bg img {\n  object-position: 54% 59%;\n}\n<\/style>\n  <\/div>\n\n\n\t\t<\/div>\n\t\t\t\t\t<\/div>\n\n\t\n<\/div>\n\t\t<\/div>\n\t\t\t\t\n<style>\n#col-381883085 > .col-inner {\n  margin: -320px 0px 0px 0px;\n}\n<\/style>\n\t<\/div>\n\n\t\n<\/div>\n\t\t<\/div>\n\n\t\t\n<style>\n#section_1256444139 {\n  padding-top: 30px;\n  padding-bottom: 30px;\n  background-color: rgb(29, 5, 92);\n}\n<\/style>\n\t<\/section>\n\t\n\n\t<section class=\"section dark\" id=\"section_2001999705\">\n\t\t<div class=\"section-bg fill\" >\n\t\t\t\t\t\t\t\t\t\n\t\t\t\n\n\t\t<\/div>\n\n\t\t\n\n\t\t<div class=\"section-content relative\">\n\t\t\t\n<div class=\"row row-large\"  id=\"row-394835765\">\n\n\t<div id=\"col-461187007\" class=\"col small-12 large-12\"  >\n\t\t\t\t<div class=\"col-inner\"  >\n\t\t\t\n\t\t\t\n<div class=\"container section-title-container\" style=\"margin-top:5px;margin-bottom:5px;\"><h3 class=\"section-title section-title-normal\"><b><\/b><span class=\"section-title-main\" style=\"font-size:80%;color:rgb(74, 193, 147);\">01<\/span><b><\/b><\/h3><\/div>\n\t\t<\/div>\n\t\t\t\t\n<style>\n#col-461187007 > .col-inner {\n  margin: 0px 0px -20px 0px;\n}\n<\/style>\n\t<\/div>\n\n\t\n\n\t<div id=\"col-2064385049\" class=\"col medium-12 small-12 large-6\"  >\n\t\t\t\t<div class=\"col-inner\"  >\n\t\t\t\n\t\t\t\n<h3><span style=\"font-size: 180%;\">Beneficios<\/span><\/h3>\n\t\t<\/div>\n\t\t\t\t\t<\/div>\n\n\t\n\n\t<div id=\"col-483377322\" class=\"col medium-12 small-12 large-6\"  >\n\t\t\t\t<div class=\"col-inner\"  >\n\t\t\t\n\t\t\t\n<p>NAD\u207a (Nicotinamida Adenina Dinucle\u00f3tido) es una coenzima vital que desempe\u00f1a un papel central en la producci\u00f3n de energ\u00eda, la reparaci\u00f3n celular y el funcionamiento metab\u00f3lico general. Presente en cada c\u00e9lula del cuerpo, el NAD\u207a ayuda a convertir los alimentos que consumimos en energ\u00eda, impulsando procesos clave como la gluc\u00f3lisis y el ciclo del \u00e1cido c\u00edtrico. Tambi\u00e9n apoya la reparaci\u00f3n del ADN, regula los ritmos circadianos y activa enzimas llamadas sirtuinas, relacionadas con la longevidad y un envejecimiento saludable. A medida que envejecemos, los niveles de NAD\u207a disminuyen de manera natural, lo que puede contribuir a la fatiga, la reducci\u00f3n de la funci\u00f3n cognitiva y una recuperaci\u00f3n celular m\u00e1s lenta. Aumentar los niveles de NAD\u207a\u2014ya sea mediante suplementos o estrategias de estilo de vida\u2014puede ayudar a mejorar la energ\u00eda, aumentar la claridad mental, favorecer un envejecimiento saludable y promover una salud celular \u00f3ptima.<\/p>\n\t\t<\/div>\n\t\t\t\t\t<\/div>\n\n\t\n<\/div>\n\t\t<\/div>\n\n\t\t\n<style>\n#section_2001999705 {\n  padding-top: 0px;\n  padding-bottom: 0px;\n  background-color: rgb(29, 5, 92);\n}\n<\/style>\n\t<\/section>\n\t\n\n\n\t<section class=\"section\" id=\"section_793567433\">\n\t\t<div class=\"section-bg fill\" >\n\t\t\t<img decoding=\"async\" width=\"1978\" height=\"2560\" src=\"https:\/\/simplefixrx.com\/wp-content\/uploads\/2025\/05\/image-239-scaled.png\" class=\"bg attachment- size-\" alt=\"\" \/>\t\t\t\t\t\t\n\t\t\t\n\t<div class=\"is-border\"\n\t\tstyle=\"border-width:0px 0px 0px 0px;\">\n\t<\/div>\n\n\t\t<\/div>\n\n\t\t\n\n\t\t<div class=\"section-content relative\">\n\t\t\t\n<div class=\"row align-center\" style=\"max-width:1200px\" id=\"row-166142035\">\n\n\t<div id=\"col-143533713\" class=\"col medium-7 small-12 large-8\"  >\n\t\t\t\t<div class=\"col-inner\"  >\n\t\t\t\n\t\t\t\n<div class=\"text-center\"><div class=\"is-divider divider clearfix\" style=\"margin-top:1.1em;margin-bottom:1.1em;max-width:120px;height:4px;\"><\/div><\/div>\n\t<div id=\"text-78054797\" class=\"text\">\n\t\t\n\t\t\n<style>\n#text-78054797 {\n  text-align: center;\n}\n<\/style>\n\t<\/div>\n\t\n\t\t<\/div>\n\t\t\t\t\t<\/div>\n\n\t\n<\/div>\n\t\t<\/div>\n\n\t\t\n<style>\n#section_793567433 {\n  padding-top: 70px;\n  padding-bottom: 70px;\n  min-height: 700px;\n}\n#section_793567433 .section-bg img {\n  object-position: 44% 2%;\n}\n<\/style>\n\t<\/section>\n\t\n\n\t<section class=\"section\" id=\"section_807175848\">\n\t\t<div class=\"section-bg fill\" >\n\t\t\t\t\t\t\t\t\t\n\t\t\t\n\n\t\t<\/div>\n\n\t\t\n\n\t\t<div class=\"section-content relative\">\n\t\t\t\n<div class=\"row\"  id=\"row-922616033\">\n\n\t<div id=\"col-466023166\" class=\"col medium-6 small-12 large-6\"  >\n\t\t\t\t<div class=\"col-inner\"  >\n\t\t\t\n\t\t\t\n<h3>El Dr. Garrett Garner de SimpleFixRx explic\u00f3 el papel del NAD en el cuerpo. <\/h3>\n<div class=\"video video-fit mb\" style=\"padding-top:56.25%;\"><div style=\"width: 640px;\" class=\"wp-video\"><video class=\"wp-video-shortcode\" id=\"video-1216-1\" width=\"640\" height=\"360\" preload=\"metadata\" controls=\"controls\"><source type=\"video\/mp4\" src=\"https:\/\/cdn.field59.com\/KHSL\/1753924505-6ba02a84198dfecb582efb0a87c3cdbf3d55f7fa_fl9-720p.mp4?_=1\" \/><a href=\"https:\/\/cdn.field59.com\/KHSL\/1753924505-6ba02a84198dfecb582efb0a87c3cdbf3d55f7fa_fl9-720p.mp4\">https:\/\/cdn.field59.com\/KHSL\/1753924505-6ba02a84198dfecb582efb0a87c3cdbf3d55f7fa_fl9-720p.mp4<\/a><\/video><\/div>\n<\/div>\n\t\t<\/div>\n\t\t\t\t\t<\/div>\n\n\t\n\n\t<div id=\"col-1374947292\" class=\"col medium-6 small-12 large-6\"  >\n\t\t\t\t<div class=\"col-inner\"  >\n\t\t\t\n\t\t\t\n\t<div class=\"img has-hover x md-x lg-x y md-y lg-y\" id=\"image_1818605401\">\n\t\t<a class=\"\" href=\"https:\/\/www.actionnewsnow.com\/features\/wellness-wednesday\/wellness-wednesday-nad-supplements-gain-popularity-for-boosting-energy\/article_0667b1a4-9c2b-45ab-8428-54860e3f81ce.html\" >\t\t\t\t\t\t<div class=\"img-inner dark\" >\n\t\t\t<img decoding=\"async\" width=\"300\" height=\"144\" src=\"https:\/\/simplefixrx.com\/wp-content\/uploads\/2025\/08\/ABC-Action-news-300x144.png\" class=\"attachment-medium size-medium\" alt=\"\" srcset=\"https:\/\/simplefixrx.com\/wp-content\/uploads\/2025\/08\/ABC-Action-news-300x144.png 300w, https:\/\/simplefixrx.com\/wp-content\/uploads\/2025\/08\/ABC-Action-news.png 324w\" sizes=\"(max-width: 300px) 100vw, 300px\" \/>\t\t\t\t\t\t\n\t\t\t\t\t<\/div>\n\t\t\t\t\t\t<\/a>\t\t\n<style>\n#image_1818605401 {\n  width: 100%;\n}\n<\/style>\n\t<\/div>\n\t\n<h3>abc Action News<\/h3>\n<p><a href=\"https:\/\/www.actionnewsnow.com\/features\/wellness-wednesday\/wellness-wednesday-nad-supplements-gain-popularity-for-boosting-energy\/article_0667b1a4-9c2b-45ab-8428-54860e3f81ce.html\" target=\"_blank\">\u00a1Lee el art\u00edculo completo de abc Action News aqu\u00ed!<\/a><\/p>\n\t\t<\/div>\n\t\t\t\t\t<\/div>\n\n\t\n<\/div>\n\t\t<\/div>\n\n\t\t\n<style>\n#section_807175848 {\n  padding-top: 30px;\n  padding-bottom: 30px;\n}\n<\/style>\n\t<\/section>\n\t\n\t<div id=\"text-2054484893\" class=\"text\">\n\t\t\n<p style=\"text-align: center;\"><b>Para preguntas:<\/b><\/p>\n<p style=\"text-align: center;\">Env\u00edanos un correo a<\/p>\n<p style=\"text-align: center;\">support@simplefixrx.com<\/p>\n\t\t\n<style>\n#text-2054484893 {\n  font-size: 1.25rem;\n  line-height: 0.75;\n}\n<\/style>\n\t<\/div>\n\t\n\t<div id=\"gap-1924259022\" class=\"gap-element clearfix\" style=\"display:block; height:auto;\">\n\t\t\n<style>\n#gap-1924259022 {\n  padding-top: 50px;\n}\n<\/style>\n\t<\/div>","protected":false},"excerpt":{"rendered":"","protected":false},"author":1,"featured_media":1237,"parent":0,"menu_order":0,"comment_status":"closed","ping_status":"closed","template":"page-blank.php","meta":{"googlesitekit_rrm_CAowkq3dCw:productID":"","footnotes":""},"class_list":["post-1216","page","type-page","status-publish","has-post-thumbnail","hentry"],"yoast_head":"<!-- This site is optimized with the Yoast SEO plugin v25.5 - https:\/\/yoast.com\/wordpress\/plugins\/seo\/ -->\n<title>Anti-Aging Treatments | Rejuvenate Your Skin &amp; Reverse<\/title>\n<meta name=\"description\" content=\"Explore our range of effective anti-aging treatments designed to reduce wrinkles, restore youthful radiance, and enhance skin elasticity.\" \/>\n<meta name=\"robots\" content=\"index, follow, max-snippet:-1, max-image-preview:large, max-video-preview:-1\" \/>\n<link rel=\"canonical\" href=\"https:\/\/simplefixrx.com\/es\/nad\/\" \/>\n<meta property=\"og:locale\" content=\"es_MX\" \/>\n<meta property=\"og:type\" content=\"article\" \/>\n<meta property=\"og:title\" content=\"Anti-Aging Treatments | Rejuvenate Your Skin &amp; Reverse\" \/>\n<meta property=\"og:description\" content=\"Explore our range of effective anti-aging treatments designed to reduce wrinkles, restore youthful radiance, and enhance skin elasticity.\" \/>\n<meta property=\"og:url\" content=\"https:\/\/simplefixrx.com\/es\/nad\/\" \/>\n<meta property=\"og:site_name\" content=\"SimpleFix Rx\" \/>\n<meta property=\"article:modified_time\" content=\"2025-08-05T19:02:09+00:00\" \/>\n<meta property=\"og:image\" content=\"https:\/\/simplefixrx.com\/wp-content\/uploads\/2025\/05\/image-4-scaled.png\" \/>\n\t<meta property=\"og:image:width\" content=\"1978\" \/>\n\t<meta property=\"og:image:height\" content=\"2560\" \/>\n\t<meta property=\"og:image:type\" content=\"image\/png\" \/>\n<meta name=\"twitter:card\" content=\"summary_large_image\" \/>\n<meta name=\"twitter:label1\" content=\"Tiempo de lectura\" \/>\n\t<meta name=\"twitter:data1\" content=\"1 minuto\" \/>\n<script type=\"application\/ld+json\" class=\"yoast-schema-graph\">{\"@context\":\"https:\/\/schema.org\",\"@graph\":[{\"@type\":\"WebPage\",\"@id\":\"https:\/\/simplefixrx.com\/nad\/\",\"url\":\"https:\/\/simplefixrx.com\/nad\/\",\"name\":\"Anti-Aging Treatments | Rejuvenate Your Skin & Reverse\",\"isPartOf\":{\"@id\":\"https:\/\/simplefixrx.com\/#website\"},\"primaryImageOfPage\":{\"@id\":\"https:\/\/simplefixrx.com\/nad\/#primaryimage\"},\"image\":{\"@id\":\"https:\/\/simplefixrx.com\/nad\/#primaryimage\"},\"thumbnailUrl\":\"https:\/\/simplefixrx.com\/wp-content\/uploads\/2025\/05\/image-4-scaled.png\",\"datePublished\":\"2025-05-27T13:15:00+00:00\",\"dateModified\":\"2025-08-05T19:02:09+00:00\",\"description\":\"Explore our range of effective anti-aging treatments designed to reduce wrinkles, restore youthful radiance, and enhance skin elasticity.\",\"breadcrumb\":{\"@id\":\"https:\/\/simplefixrx.com\/nad\/#breadcrumb\"},\"inLanguage\":\"es\",\"potentialAction\":[{\"@type\":\"ReadAction\",\"target\":[\"https:\/\/simplefixrx.com\/nad\/\"]}]},{\"@type\":\"ImageObject\",\"inLanguage\":\"es\",\"@id\":\"https:\/\/simplefixrx.com\/nad\/#primaryimage\",\"url\":\"https:\/\/simplefixrx.com\/wp-content\/uploads\/2025\/05\/image-4-scaled.png\",\"contentUrl\":\"https:\/\/simplefixrx.com\/wp-content\/uploads\/2025\/05\/image-4-scaled.png\",\"width\":1978,\"height\":2560,\"caption\":\"anti aging treatments\"},{\"@type\":\"BreadcrumbList\",\"@id\":\"https:\/\/simplefixrx.com\/nad\/#breadcrumb\",\"itemListElement\":[{\"@type\":\"ListItem\",\"position\":1,\"name\":\"Home\",\"item\":\"https:\/\/simplefixrx.com\/\"},{\"@type\":\"ListItem\",\"position\":2,\"name\":\"NAD+\"}]},{\"@type\":\"WebSite\",\"@id\":\"https:\/\/simplefixrx.com\/#website\",\"url\":\"https:\/\/simplefixrx.com\/\",\"name\":\"SimpleFix Rx\",\"description\":\"\",\"potentialAction\":[{\"@type\":\"SearchAction\",\"target\":{\"@type\":\"EntryPoint\",\"urlTemplate\":\"https:\/\/simplefixrx.com\/?s={search_term_string}\"},\"query-input\":{\"@type\":\"PropertyValueSpecification\",\"valueRequired\":true,\"valueName\":\"search_term_string\"}}],\"inLanguage\":\"es\"}]}<\/script>\n<!-- \/ Yoast SEO plugin. -->","yoast_head_json":{"title":"Anti-Aging Treatments | Rejuvenate Your Skin & Reverse","description":"Explore our range of effective anti-aging treatments designed to reduce wrinkles, restore youthful radiance, and enhance skin elasticity.","robots":{"index":"index","follow":"follow","max-snippet":"max-snippet:-1","max-image-preview":"max-image-preview:large","max-video-preview":"max-video-preview:-1"},"canonical":"https:\/\/simplefixrx.com\/es\/nad\/","og_locale":"es_MX","og_type":"article","og_title":"Anti-Aging Treatments | Rejuvenate Your Skin & Reverse","og_description":"Explore our range of effective anti-aging treatments designed to reduce wrinkles, restore youthful radiance, and enhance skin elasticity.","og_url":"https:\/\/simplefixrx.com\/es\/nad\/","og_site_name":"SimpleFix Rx","article_modified_time":"2025-08-05T19:02:09+00:00","og_image":[{"width":1978,"height":2560,"url":"https:\/\/simplefixrx.com\/wp-content\/uploads\/2025\/05\/image-4-scaled.png","type":"image\/png"}],"twitter_card":"summary_large_image","twitter_misc":{"Tiempo de lectura":"1 minuto"},"schema":{"@context":"https:\/\/schema.org","@graph":[{"@type":"WebPage","@id":"https:\/\/simplefixrx.com\/nad\/","url":"https:\/\/simplefixrx.com\/nad\/","name":"Anti-Aging Treatments | Rejuvenate Your Skin & Reverse","isPartOf":{"@id":"https:\/\/simplefixrx.com\/#website"},"primaryImageOfPage":{"@id":"https:\/\/simplefixrx.com\/nad\/#primaryimage"},"image":{"@id":"https:\/\/simplefixrx.com\/nad\/#primaryimage"},"thumbnailUrl":"https:\/\/simplefixrx.com\/wp-content\/uploads\/2025\/05\/image-4-scaled.png","datePublished":"2025-05-27T13:15:00+00:00","dateModified":"2025-08-05T19:02:09+00:00","description":"Explore our range of effective anti-aging treatments designed to reduce wrinkles, restore youthful radiance, and enhance skin elasticity.","breadcrumb":{"@id":"https:\/\/simplefixrx.com\/nad\/#breadcrumb"},"inLanguage":"es","potentialAction":[{"@type":"ReadAction","target":["https:\/\/simplefixrx.com\/nad\/"]}]},{"@type":"ImageObject","inLanguage":"es","@id":"https:\/\/simplefixrx.com\/nad\/#primaryimage","url":"https:\/\/simplefixrx.com\/wp-content\/uploads\/2025\/05\/image-4-scaled.png","contentUrl":"https:\/\/simplefixrx.com\/wp-content\/uploads\/2025\/05\/image-4-scaled.png","width":1978,"height":2560,"caption":"anti aging treatments"},{"@type":"BreadcrumbList","@id":"https:\/\/simplefixrx.com\/nad\/#breadcrumb","itemListElement":[{"@type":"ListItem","position":1,"name":"Home","item":"https:\/\/simplefixrx.com\/"},{"@type":"ListItem","position":2,"name":"NAD+"}]},{"@type":"WebSite","@id":"https:\/\/simplefixrx.com\/#website","url":"https:\/\/simplefixrx.com\/","name":"SimpleFix Rx","description":"","potentialAction":[{"@type":"SearchAction","target":{"@type":"EntryPoint","urlTemplate":"https:\/\/simplefixrx.com\/?s={search_term_string}"},"query-input":{"@type":"PropertyValueSpecification","valueRequired":true,"valueName":"search_term_string"}}],"inLanguage":"es"}]}},"_links":{"self":[{"href":"https:\/\/simplefixrx.com\/es\/wp-json\/wp\/v2\/pages\/1216","targetHints":{"allow":["GET"]}}],"collection":[{"href":"https:\/\/simplefixrx.com\/es\/wp-json\/wp\/v2\/pages"}],"about":[{"href":"https:\/\/simplefixrx.com\/es\/wp-json\/wp\/v2\/types\/page"}],"author":[{"embeddable":true,"href":"https:\/\/simplefixrx.com\/es\/wp-json\/wp\/v2\/users\/1"}],"replies":[{"embeddable":true,"href":"https:\/\/simplefixrx.com\/es\/wp-json\/wp\/v2\/comments?post=1216"}],"version-history":[{"count":0,"href":"https:\/\/simplefixrx.com\/es\/wp-json\/wp\/v2\/pages\/1216\/revisions"}],"wp:featuredmedia":[{"embeddable":true,"href":"https:\/\/simplefixrx.com\/es\/wp-json\/wp\/v2\/media\/1237"}],"wp:attachment":[{"href":"https:\/\/simplefixrx.com\/es\/wp-json\/wp\/v2\/media?parent=1216"}],"curies":[{"name":"wp","href":"https:\/\/api.w.org\/{rel}","templated":true}]}}