{"id":1543,"date":"2025-06-24T00:22:57","date_gmt":"2025-06-24T05:22:57","guid":{"rendered":"https:\/\/simplefixrx.com\/?page_id=1543"},"modified":"2025-07-25T12:56:17","modified_gmt":"2025-07-25T17:56:17","slug":"b12-injection","status":"publish","type":"page","link":"https:\/\/simplefixrx.com\/es\/b12-injection\/","title":{"rendered":"B12-injection"},"content":{"rendered":"<section class=\"section\" id=\"section_1155433745\">\n\t\t<div class=\"section-bg fill\" >\n\t\t\t\t\t\t\t\t\t<div class=\"effect-sparkle bg-effect fill no-click\"><\/div>\n\t\t\t\n\n\t\t<\/div>\n\n\t\t\n\n\t\t<div class=\"section-content relative\">\n\t\t\t\n<div class=\"row row-collapse align-middle\"  id=\"row-1938279514\">\n\n\t<div id=\"col-409512941\" class=\"col medium-12 small-12 large-7\"  >\n\t\t\t\t<div class=\"col-inner dark\"  >\n\t\t\t\n\t\t\t\n\t<div id=\"text-4150864115\" class=\"text\">\n\t\t\n<h1 style=\"font-size: 300%;\">Inyecci\u00f3n de Vitamina B12<\/h1>\n<h2 class=\"alt-font\" style=\"font-size: 300%;\">Aumenta tu nivel de energ\u00eda, mejora tu estado de \u00e1nimo y tu alerta mental<\/h2>\n\t\t\n<style>\n#text-4150864115 {\n  line-height: 0.75;\n}\n<\/style>\n\t<\/div>\n\t\n<a href=\"https:\/\/simplefixrx.com\/es\/b12\/\" class=\"button primary\"  style=\"border-radius:5px;\">\n\t\t<span>ORDENAR B12 AHORA<\/span>\n\t<\/a>\n\n\t\t<\/div>\n\t\t\t\t\t<\/div>\n\n\t\n\n\t<div id=\"col-218179505\" class=\"col hide-for-medium medium-1 small-12 large-1\"  >\n\t\t\t\t<div class=\"col-inner\"  >\n\t\t\t\n\t\t\t\n\t<div id=\"gap-555870061\" class=\"gap-element clearfix\" style=\"display:block; height:auto;\">\n\t\t\n<style>\n#gap-555870061 {\n  padding-top: 30px;\n}\n<\/style>\n\t<\/div>\n\t\n\t\t<\/div>\n\t\t\t\t\t<\/div>\n\n\t\n\n<style>\n#row-1938279514 > .col > .col-inner {\n  padding: 30px 30px 10px 30px;\n}\n@media (min-width:550px) {\n  #row-1938279514 > .col > .col-inner {\n    padding: 30px 30px 30px 30px;\n  }\n}\n<\/style>\n<\/div>\n\t\t<\/div>\n\n\t\t\n<style>\n#section_1155433745 {\n  padding-top: 45px;\n  padding-bottom: 45px;\n  background-color: rgb(61, 61, 61);\n}\n#section_1155433745 .section-bg-overlay {\n  background-color: rgba(0, 0, 0, 0.494);\n}\n@media (min-width:550px) {\n  #section_1155433745 {\n    padding-top: 60px;\n    padding-bottom: 60px;\n  }\n  #section_1155433745 .section-bg-overlay {\n    background-color: rgba(0, 0, 0, 0.302);\n  }\n}\n<\/style>\n\t<\/section>\n\t\n\t<div id=\"gap-428441866\" class=\"gap-element clearfix\" style=\"display:block; height:auto;\">\n\t\t\n<style>\n#gap-428441866 {\n  padding-top: 80px;\n}\n<\/style>\n\t<\/div>\n\t\n\n\t<section class=\"section\" id=\"section_1626262051\">\n\t\t<div class=\"section-bg fill\" >\n\t\t\t\t\t\t\t\t\t\n\t\t\t\n\n\t\t<\/div>\n\n\t\t\n\n\t\t<div class=\"section-content relative\">\n\t\t\t\n<div class=\"row align-middle\"  id=\"row-1759477762\">\n\n\t<div id=\"col-1039323259\" class=\"col medium-4 small-12 large-6\"  >\n\t\t\t\t<div class=\"col-inner\"  >\n\t\t\t\n\t\t\t\n\t<div class=\"img has-hover x md-x lg-x y md-y lg-y\" id=\"image_1840973702\">\n\t\t\t\t\t\t\t\t<div class=\"img-inner dark\" >\n\t\t\t<img decoding=\"async\" width=\"1020\" height=\"679\" src=\"https:\/\/simplefixrx.com\/wp-content\/uploads\/2023\/10\/sign-up-1024x682.jpeg\" class=\"attachment-large size-large\" alt=\"\" srcset=\"https:\/\/simplefixrx.com\/wp-content\/uploads\/2023\/10\/sign-up-1024x682.jpeg 1024w, https:\/\/simplefixrx.com\/wp-content\/uploads\/2023\/10\/sign-up-300x200.jpeg 300w, https:\/\/simplefixrx.com\/wp-content\/uploads\/2023\/10\/sign-up-768x512.jpeg 768w, https:\/\/simplefixrx.com\/wp-content\/uploads\/2023\/10\/sign-up-1536x1024.jpeg 1536w, https:\/\/simplefixrx.com\/wp-content\/uploads\/2023\/10\/sign-up-600x400.jpeg 600w, https:\/\/simplefixrx.com\/wp-content\/uploads\/2023\/10\/sign-up.jpeg 2000w\" sizes=\"(max-width: 1020px) 100vw, 1020px\" \/>\t\t\t\t\t\t\n\t\t\t\t\t<\/div>\n\t\t\t\t\t\t\t\t\n<style>\n#image_1840973702 {\n  width: 100%;\n}\n<\/style>\n\t<\/div>\n\t\n\t\t<\/div>\n\t\t\t\t\t<\/div>\n\n\t\n\n\t<div id=\"col-1007017865\" class=\"col medium-8 small-12 large-6\"  >\n\t\t\t\t<div class=\"col-inner\"  >\n\t\t\t\n\t\t\t\n<h2 class=\"p1\">\u00bfSe siente cansado, con la mente nublada o sin energ\u00eda?<\/h2>\n<p>Las inyecciones de vitamina B12 ofrecen una forma r\u00e1pida y efectiva de restaurar la energ\u00eda, mejorar la concentraci\u00f3n y apoyar su bienestar general.<\/p>\n\t\t<\/div>\n\t\t\t\t\t<\/div>\n\n\t\n<\/div>\n\t\t<\/div>\n\n\t\t\n<style>\n#section_1626262051 {\n  padding-top: 30px;\n  padding-bottom: 30px;\n}\n<\/style>\n\t<\/section>\n\t\n\n\t<section class=\"section dark\" id=\"section_690563180\">\n\t\t<div class=\"section-bg fill\" >\n\t\t\t\t\t\t\t\t\t\n\t\t\t\n\n\t\t<\/div>\n\n\t\t\n\n\t\t<div class=\"section-content relative\">\n\t\t\t\n<div class=\"row row-small align-center\"  id=\"row-233083457\">\n\n\t<div id=\"col-1338705916\" class=\"col medium-10 small-12 large-4\"  >\n\t\t\t\t<div class=\"col-inner\"  >\n\t\t\t\n\t\t\t\n<h2>\u00bfPor qu\u00e9 elegir inyecciones de B12?<\/h2>\n\t\t<\/div>\n\t\t\t\t\t<\/div>\n\n\t\n\n\t<div id=\"col-1465555479\" class=\"col medium-10 small-12 large-8\"  >\n\t\t\t\t<div class=\"col-inner\"  >\n\t\t\t\n\t\t\t\n\t<div id=\"text-2265698745\" class=\"text\">\n\t\t\n<ul style=\"font-size: 90%; line-height: 140%;\">\n<li class=\"bullet-checkmark\"><strong>Producci\u00f3n de energ\u00eda y metabolismo<\/strong><\/li>\n<li class=\"bullet-checkmark\"><strong>Funci\u00f3n cerebral y memoria<\/strong><\/li>\n<li class=\"bullet-checkmark\"><strong>Nervios saludables y formaci\u00f3n de gl\u00f3bulos rojos<\/strong><\/li>\n<li class=\"bullet-checkmark\"><strong>Apoyo al sistema inmunol\u00f3gico<\/strong><\/li>\n<li class=\"bullet-checkmark\"><strong>Salud del cabello, la piel y las u\u00f1as<\/strong><\/li>\n<\/ul>\n\t\t\n<style>\n#text-2265698745 {\n  line-height: 2.1;\n}\n<\/style>\n\t<\/div>\n\t\n\t\t<\/div>\n\t\t\t\t\t<\/div>\n\n\t\n\n\t<div id=\"col-853646462\" class=\"col small-12 large-12\"  >\n\t\t\t\t<div class=\"col-inner\"  >\n\t\t\t\n\t\t\t\n\t<div id=\"gap-2120051472\" class=\"gap-element clearfix\" style=\"display:block; height:auto;\">\n\t\t\n<style>\n#gap-2120051472 {\n  padding-top: 50px;\n}\n<\/style>\n\t<\/div>\n\t\n<h2 style=\"text-align: center;\"><\/h2>\n<h2 class=\"alt-font\" style=\"text-align: center;\"><span style=\"font-size: 150%;\"> <strong>Las inyecciones de B12 evitan el sistema digestivo para una absorci\u00f3n r\u00e1pida y m\u00e1xima efectividad.<\/strong> <\/span><\/h2>\n\t\t<\/div>\n\t\t\t\t\t<\/div>\n\n\t\n<\/div>\n\t\t<\/div>\n\n\t\t\n<style>\n#section_690563180 {\n  padding-top: 80px;\n  padding-bottom: 80px;\n  background-color: #f8238b;\n}\n<\/style>\n\t<\/section>\n\t\n\n\t<div id=\"gap-295115036\" class=\"gap-element clearfix\" style=\"display:block; height:auto;\">\n\t\t\n<style>\n#gap-295115036 {\n  padding-top: 50px;\n}\n<\/style>\n\t<\/div>\n\t\n\n\t<section class=\"section\" id=\"section_1417026709\">\n\t\t<div class=\"section-bg fill\" >\n\t\t\t\t\t\t\t\t\t\n\t\t\t\n\n\t\t<\/div>\n\n\t\t\n\n\t\t<div class=\"section-content relative\">\n\t\t\t\n<div class=\"row\"  id=\"row-1920123093\">\n\n\t<div id=\"col-1971186122\" class=\"col small-12 large-12\"  >\n\t\t\t\t<div class=\"col-inner text-center\"  >\n\t\t\t\n\t\t\t\n<h2><span style=\"font-size: 130%;\">Resultados reales. Ingredientes reales.<\/span><\/h2>\n\t\t<\/div>\n\t\t\t\t\t<\/div>\n\n\t\n<\/div>\n\t\t<\/div>\n\n\t\t\n<style>\n#section_1417026709 {\n  padding-top: 60px;\n  padding-bottom: 60px;\n  background-color: rgb(245, 247, 251);\n}\n<\/style>\n\t<\/section>\n\t\n<div class=\"row row-collapse row-full-width align-equal\"  id=\"row-1896635224\">\n\n\t<div id=\"col-1798351269\" class=\"col medium-12 small-12 large-6\"  >\n\t\t\t\t<div class=\"col-inner\"  >\n\t\t\t\n\t\t\t\n\n\t<section class=\"section dark\" id=\"section_1233734584\">\n\t\t<div class=\"section-bg fill\" >\n\t\t\t\t\t\t\t\t\t\n\t\t\t\n\n\t\t<\/div>\n\n\t\t\n\n\t\t<div class=\"section-content relative\">\n\t\t\t\n\t<div id=\"gap-757683615\" class=\"gap-element clearfix\" style=\"display:block; height:auto;\">\n\t\t\n<style>\n#gap-757683615 {\n  padding-top: 50px;\n}\n@media (min-width:550px) {\n  #gap-757683615 {\n    padding-top: 50px;\n  }\n}\n@media (min-width:850px) {\n  #gap-757683615 {\n    padding-top: 60px;\n  }\n}\n<\/style>\n\t<\/div>\n\t\n<div class=\"row align-center\"  id=\"row-2026711741\">\n\n\t<div id=\"col-1438772296\" class=\"col medium-12 small-12 large-10\"  data-animate=\"fadeInUp\">\n\t\t\t\t<div class=\"col-inner\"  >\n\t\t\t\n\t\t\t\n\t<div id=\"text-2212452347\" class=\"text\">\n\t\t\n<h1 style=\"font-size: 100%;\"><span style=\"font-size: 130%;\">Experimente la diferencia con la inyecci\u00f3n de B12.<\/span><\/h1>\n\t\t\n<style>\n#text-2212452347 {\n  font-size: 1.8rem;\n}\n<\/style>\n\t<\/div>\n\t\n<p>Mejore su salud restaurando la energ\u00eda, mejorando la concentraci\u00f3n y apoyando su bienestar general.<\/p>\n\t<div id=\"gap-86683564\" class=\"gap-element clearfix\" style=\"display:block; height:auto;\">\n\t\t\n<style>\n#gap-86683564 {\n  padding-top: 30px;\n}\n<\/style>\n\t<\/div>\n\t\n<a href=\"https:\/\/simplefixrx.com\/es\/b12\/\" class=\"button white is-outline\"  style=\"border-radius:10px;padding:10px 25px 10px 25px;\">\n\t\t<span>Ordena ahora<\/span>\n\t<\/a>\n\n\t\t<\/div>\n\t\t\t\t\n<style>\n#col-1438772296 > .col-inner {\n  padding: 0px 0 0px 0px;\n}\n@media (min-width:550px) {\n  #col-1438772296 > .col-inner {\n    padding: 0px 100px 0px 100px;\n  }\n}\n<\/style>\n\t<\/div>\n\n\t\n<\/div>\n\t\t<\/div>\n\n\t\t\n<style>\n#section_1233734584 {\n  padding-top: 30px;\n  padding-bottom: 30px;\n  min-height: 250px;\n  background-color: rgb(0,0,0);\n}\n@media (min-width:550px) {\n  #section_1233734584 {\n    min-height: 250px;\n  }\n}\n@media (min-width:850px) {\n  #section_1233734584 {\n    min-height: 800px;\n  }\n}\n<\/style>\n\t<\/section>\n\t\n\t\t<\/div>\n\t\t\t\t\t<\/div>\n\n\t\n\n\t<div id=\"col-630624229\" class=\"col medium-12 small-12 large-6 medium-col-first\"  >\n\t\t\t\t<div class=\"col-inner\"  >\n\t\t\t\n\t\t\t\n\n\t<section class=\"section dark\" id=\"section_422968791\">\n\t\t<div class=\"section-bg fill\" >\n\t\t\t<img decoding=\"async\" width=\"600\" height=\"400\" src=\"https:\/\/simplefixrx.com\/wp-content\/uploads\/2024\/08\/stretching.webp\" class=\"bg attachment- size-\" alt=\"\" \/>\t\t\t\t\t\t\n\t\t\t\n\n\t\t<\/div>\n\n\t\t\n\n\t\t<div class=\"section-content relative\">\n\t\t\t\n\t\t<\/div>\n\n\t\t\n<style>\n#section_422968791 {\n  padding-top: 30px;\n  padding-bottom: 30px;\n  min-height: 450px;\n  background-color: rgb(180, 187, 132);\n}\n#section_422968791 .section-bg img {\n  object-position: 30% 61%;\n}\n@media (min-width:550px) {\n  #section_422968791 {\n    min-height: 450px;\n  }\n}\n@media (min-width:850px) {\n  #section_422968791 {\n    min-height: 800px;\n  }\n}\n<\/style>\n\t<\/section>\n\t\n\t\t<\/div>\n\t\t\t\t\t<\/div>\n\n\t\n<\/div>","protected":false},"excerpt":{"rendered":"","protected":false},"author":1,"featured_media":1069,"parent":0,"menu_order":0,"comment_status":"closed","ping_status":"closed","template":"page-blank.php","meta":{"googlesitekit_rrm_CAowkq3dCw:productID":"","footnotes":""},"class_list":["post-1543","page","type-page","status-publish","has-post-thumbnail","hentry"],"yoast_head":"<!-- This site is optimized with the Yoast SEO plugin v25.5 - https:\/\/yoast.com\/wordpress\/plugins\/seo\/ -->\n<title>Vitamin B12 Injection \u2013 Boost Energy, Metabolism &amp; Nerve Health<\/title>\n<meta name=\"description\" content=\"Revitalize your body with Vitamin B12 injections. Supports energy production, red blood cell formation, brain function, &amp; nervous system.\" \/>\n<meta name=\"robots\" content=\"index, follow, max-snippet:-1, max-image-preview:large, max-video-preview:-1\" \/>\n<link rel=\"canonical\" href=\"https:\/\/simplefixrx.com\/es\/b12-injection\/\" \/>\n<meta property=\"og:locale\" content=\"es_MX\" \/>\n<meta property=\"og:type\" content=\"article\" \/>\n<meta property=\"og:title\" content=\"Vitamin B12 Injection \u2013 Boost Energy, Metabolism &amp; Nerve Health\" \/>\n<meta property=\"og:description\" content=\"Revitalize your body with Vitamin B12 injections. Supports energy production, red blood cell formation, brain function, &amp; nervous system.\" \/>\n<meta property=\"og:url\" content=\"https:\/\/simplefixrx.com\/es\/b12-injection\/\" \/>\n<meta property=\"og:site_name\" content=\"SimpleFix Rx\" \/>\n<meta property=\"article:modified_time\" content=\"2025-07-25T17:56:17+00:00\" \/>\n<meta property=\"og:image\" content=\"https:\/\/simplefixrx.com\/wp-content\/uploads\/2025\/03\/Royal-Hive-Collection-Hero-scaled.jpg\" \/>\n\t<meta property=\"og:image:width\" content=\"2560\" \/>\n\t<meta property=\"og:image:height\" content=\"895\" \/>\n\t<meta property=\"og:image:type\" content=\"image\/jpeg\" \/>\n<meta name=\"twitter:card\" content=\"summary_large_image\" \/>\n<meta name=\"twitter:label1\" content=\"Tiempo de lectura\" \/>\n\t<meta name=\"twitter:data1\" content=\"2 minutos\" \/>\n<script type=\"application\/ld+json\" class=\"yoast-schema-graph\">{\"@context\":\"https:\/\/schema.org\",\"@graph\":[{\"@type\":\"WebPage\",\"@id\":\"https:\/\/simplefixrx.com\/b12-injection\/\",\"url\":\"https:\/\/simplefixrx.com\/b12-injection\/\",\"name\":\"Vitamin B12 Injection \u2013 Boost Energy, Metabolism & Nerve Health\",\"isPartOf\":{\"@id\":\"https:\/\/simplefixrx.com\/#website\"},\"primaryImageOfPage\":{\"@id\":\"https:\/\/simplefixrx.com\/b12-injection\/#primaryimage\"},\"image\":{\"@id\":\"https:\/\/simplefixrx.com\/b12-injection\/#primaryimage\"},\"thumbnailUrl\":\"https:\/\/simplefixrx.com\/wp-content\/uploads\/2025\/03\/Royal-Hive-Collection-Hero-scaled.jpg\",\"datePublished\":\"2025-06-24T05:22:57+00:00\",\"dateModified\":\"2025-07-25T17:56:17+00:00\",\"description\":\"Revitalize your body with Vitamin B12 injections. Supports energy production, red blood cell formation, brain function, & nervous system.\",\"breadcrumb\":{\"@id\":\"https:\/\/simplefixrx.com\/b12-injection\/#breadcrumb\"},\"inLanguage\":\"es\",\"potentialAction\":[{\"@type\":\"ReadAction\",\"target\":[\"https:\/\/simplefixrx.com\/b12-injection\/\"]}]},{\"@type\":\"ImageObject\",\"inLanguage\":\"es\",\"@id\":\"https:\/\/simplefixrx.com\/b12-injection\/#primaryimage\",\"url\":\"https:\/\/simplefixrx.com\/wp-content\/uploads\/2025\/03\/Royal-Hive-Collection-Hero-scaled.jpg\",\"contentUrl\":\"https:\/\/simplefixrx.com\/wp-content\/uploads\/2025\/03\/Royal-Hive-Collection-Hero-scaled.jpg\",\"width\":2560,\"height\":895,\"caption\":\"skin care clinic\"},{\"@type\":\"BreadcrumbList\",\"@id\":\"https:\/\/simplefixrx.com\/b12-injection\/#breadcrumb\",\"itemListElement\":[{\"@type\":\"ListItem\",\"position\":1,\"name\":\"Home\",\"item\":\"https:\/\/simplefixrx.com\/\"},{\"@type\":\"ListItem\",\"position\":2,\"name\":\"B12-injection\"}]},{\"@type\":\"WebSite\",\"@id\":\"https:\/\/simplefixrx.com\/#website\",\"url\":\"https:\/\/simplefixrx.com\/\",\"name\":\"SimpleFix Rx\",\"description\":\"\",\"potentialAction\":[{\"@type\":\"SearchAction\",\"target\":{\"@type\":\"EntryPoint\",\"urlTemplate\":\"https:\/\/simplefixrx.com\/?s={search_term_string}\"},\"query-input\":{\"@type\":\"PropertyValueSpecification\",\"valueRequired\":true,\"valueName\":\"search_term_string\"}}],\"inLanguage\":\"es\"}]}<\/script>\n<!-- \/ Yoast SEO plugin. -->","yoast_head_json":{"title":"Vitamin B12 Injection \u2013 Boost Energy, Metabolism & Nerve Health","description":"Revitalize your body with Vitamin B12 injections. Supports energy production, red blood cell formation, brain function, & nervous system.","robots":{"index":"index","follow":"follow","max-snippet":"max-snippet:-1","max-image-preview":"max-image-preview:large","max-video-preview":"max-video-preview:-1"},"canonical":"https:\/\/simplefixrx.com\/es\/b12-injection\/","og_locale":"es_MX","og_type":"article","og_title":"Vitamin B12 Injection \u2013 Boost Energy, Metabolism & Nerve Health","og_description":"Revitalize your body with Vitamin B12 injections. Supports energy production, red blood cell formation, brain function, & nervous system.","og_url":"https:\/\/simplefixrx.com\/es\/b12-injection\/","og_site_name":"SimpleFix Rx","article_modified_time":"2025-07-25T17:56:17+00:00","og_image":[{"width":2560,"height":895,"url":"https:\/\/simplefixrx.com\/wp-content\/uploads\/2025\/03\/Royal-Hive-Collection-Hero-scaled.jpg","type":"image\/jpeg"}],"twitter_card":"summary_large_image","twitter_misc":{"Tiempo de lectura":"2 minutos"},"schema":{"@context":"https:\/\/schema.org","@graph":[{"@type":"WebPage","@id":"https:\/\/simplefixrx.com\/b12-injection\/","url":"https:\/\/simplefixrx.com\/b12-injection\/","name":"Vitamin B12 Injection \u2013 Boost Energy, Metabolism & Nerve Health","isPartOf":{"@id":"https:\/\/simplefixrx.com\/#website"},"primaryImageOfPage":{"@id":"https:\/\/simplefixrx.com\/b12-injection\/#primaryimage"},"image":{"@id":"https:\/\/simplefixrx.com\/b12-injection\/#primaryimage"},"thumbnailUrl":"https:\/\/simplefixrx.com\/wp-content\/uploads\/2025\/03\/Royal-Hive-Collection-Hero-scaled.jpg","datePublished":"2025-06-24T05:22:57+00:00","dateModified":"2025-07-25T17:56:17+00:00","description":"Revitalize your body with Vitamin B12 injections. Supports energy production, red blood cell formation, brain function, & nervous system.","breadcrumb":{"@id":"https:\/\/simplefixrx.com\/b12-injection\/#breadcrumb"},"inLanguage":"es","potentialAction":[{"@type":"ReadAction","target":["https:\/\/simplefixrx.com\/b12-injection\/"]}]},{"@type":"ImageObject","inLanguage":"es","@id":"https:\/\/simplefixrx.com\/b12-injection\/#primaryimage","url":"https:\/\/simplefixrx.com\/wp-content\/uploads\/2025\/03\/Royal-Hive-Collection-Hero-scaled.jpg","contentUrl":"https:\/\/simplefixrx.com\/wp-content\/uploads\/2025\/03\/Royal-Hive-Collection-Hero-scaled.jpg","width":2560,"height":895,"caption":"skin care clinic"},{"@type":"BreadcrumbList","@id":"https:\/\/simplefixrx.com\/b12-injection\/#breadcrumb","itemListElement":[{"@type":"ListItem","position":1,"name":"Home","item":"https:\/\/simplefixrx.com\/"},{"@type":"ListItem","position":2,"name":"B12-injection"}]},{"@type":"WebSite","@id":"https:\/\/simplefixrx.com\/#website","url":"https:\/\/simplefixrx.com\/","name":"SimpleFix Rx","description":"","potentialAction":[{"@type":"SearchAction","target":{"@type":"EntryPoint","urlTemplate":"https:\/\/simplefixrx.com\/?s={search_term_string}"},"query-input":{"@type":"PropertyValueSpecification","valueRequired":true,"valueName":"search_term_string"}}],"inLanguage":"es"}]}},"_links":{"self":[{"href":"https:\/\/simplefixrx.com\/es\/wp-json\/wp\/v2\/pages\/1543","targetHints":{"allow":["GET"]}}],"collection":[{"href":"https:\/\/simplefixrx.com\/es\/wp-json\/wp\/v2\/pages"}],"about":[{"href":"https:\/\/simplefixrx.com\/es\/wp-json\/wp\/v2\/types\/page"}],"author":[{"embeddable":true,"href":"https:\/\/simplefixrx.com\/es\/wp-json\/wp\/v2\/users\/1"}],"replies":[{"embeddable":true,"href":"https:\/\/simplefixrx.com\/es\/wp-json\/wp\/v2\/comments?post=1543"}],"version-history":[{"count":0,"href":"https:\/\/simplefixrx.com\/es\/wp-json\/wp\/v2\/pages\/1543\/revisions"}],"wp:featuredmedia":[{"embeddable":true,"href":"https:\/\/simplefixrx.com\/es\/wp-json\/wp\/v2\/media\/1069"}],"wp:attachment":[{"href":"https:\/\/simplefixrx.com\/es\/wp-json\/wp\/v2\/media?parent=1543"}],"curies":[{"name":"wp","href":"https:\/\/api.w.org\/{rel}","templated":true}]}}