{"id":2114,"date":"2025-11-30T19:19:12","date_gmt":"2025-12-01T01:19:12","guid":{"rendered":"https:\/\/simplefixrx.com\/?page_id=2114"},"modified":"2026-03-26T18:46:29","modified_gmt":"2026-03-26T23:46:29","slug":"weight-loss-programs","status":"publish","type":"page","link":"https:\/\/simplefixrx.com\/es\/weight-loss-programs\/","title":{"rendered":"WEIGHT LOSS PROGRAMS"},"content":{"rendered":"<section class=\"section\" id=\"section_1072737160\">\n\t\t<div class=\"section-bg fill\" >\n\t\t\t<img decoding=\"async\" width=\"1400\" height=\"934\" src=\"https:\/\/simplefixrx.com\/wp-content\/uploads\/2025\/04\/your-health-is-what-he-works-for-2.jpeg\" class=\"bg attachment- size-\" alt=\"weight loss clinic\" \/>\t\t\t\t\t\t<div class=\"section-bg-overlay absolute fill\"><\/div>\n\t\t\t\n\n\t\t<\/div>\n\n\t\t\n\n\t\t<div class=\"section-content relative\">\n\t\t\t\n<div class=\"row row-large align-center\"  id=\"row-937122354\">\n\n\t<div id=\"col-1105466310\" class=\"col large-12\"  >\n\t\t\t\t<div class=\"col-inner\"  >\n\t\t\t\n\t\t\t\n\t<div class=\"img has-hover x md-x lg-x y md-y lg-y\" id=\"image_522519611\">\n\t\t\t\t\t\t\t\t<div class=\"img-inner dark\" >\n\t\t\t<img decoding=\"async\" width=\"1020\" height=\"680\" src=\"https:\/\/simplefixrx.com\/wp-content\/uploads\/2025\/04\/your-health-is-what-he-works-for-2-1024x683.jpeg\" class=\"attachment-large size-large\" alt=\"weight loss clinic\" srcset=\"https:\/\/simplefixrx.com\/wp-content\/uploads\/2025\/04\/your-health-is-what-he-works-for-2-1024x683.jpeg 1024w, https:\/\/simplefixrx.com\/wp-content\/uploads\/2025\/04\/your-health-is-what-he-works-for-2-300x200.jpeg 300w, https:\/\/simplefixrx.com\/wp-content\/uploads\/2025\/04\/your-health-is-what-he-works-for-2-768x512.jpeg 768w, https:\/\/simplefixrx.com\/wp-content\/uploads\/2025\/04\/your-health-is-what-he-works-for-2-600x400.jpeg 600w, https:\/\/simplefixrx.com\/wp-content\/uploads\/2025\/04\/your-health-is-what-he-works-for-2.jpeg 1400w\" sizes=\"(max-width: 1020px) 100vw, 1020px\" \/>\t\t\t\t\t\t\n\t\t\t\t\t<\/div>\n\t\t\t\t\t\t\t\t\n<style>\n#image_522519611 {\n  width: 100%;\n}\n<\/style>\n\t<\/div>\n\t\n\t\t<\/div>\n\t\t\t\t\t<\/div>\n\n\t\n<\/div>\n\t\t<\/div>\n\n\t\t\n<style>\n#section_1072737160 {\n  padding-top: 0px;\n  padding-bottom: 0px;\n  background-color: rgb(193, 193, 193);\n}\n#section_1072737160 .section-bg-overlay {\n  background-color: rgba(255, 255, 255, 0.85);\n}\n<\/style>\n\t<\/section>\n\t\n<div class=\"row\"  id=\"row-2102290752\">\n\n\t<div id=\"col-502957341\" class=\"col medium-6 small-12 large-6\"  >\n\t\t\t\t<div class=\"col-inner\"  >\n\t\t\t\n\t\t\t\n<div class=\"container section-title-container\" ><h1 class=\"section-title section-title-bold\"><b><\/b><span class=\"section-title-main\" >Tu salud, tu plan: tratamiento personalizado que funciona para ti.<\/span><b><\/b><\/h1><\/div>\n<p>El mismo apoyo de confianza. Los mismos resultados respaldados por la ciencia. Ahora con a\u00fan m\u00e1s formas de hacerlo funcionar para ti.<\/p>\n<p>Sabemos que cada cuerpo es diferente; por eso, nuestro equipo ahora ofrece m\u00faltiples opciones de tratamiento, cada una adaptada a tus objetivos, estilo de vida y presupuesto. Ya sea que est\u00e9s comenzando o continuando con tu tratamiento, estamos aqu\u00ed para hacerlo simple, efectivo y sin estr\u00e9s.<\/p>\n<p><a href=\"https:\/\/support.careglp.com\/support\/solutions\/articles\/73000633802-glp-1-safety-information\" target=\"_blank\" rel=\"noopener noreferrer\"><br \/>\nIMPORTANT SAFETY INFORMATION<br \/>\n<\/a>.<\/p>\n\t\t<\/div>\n\t\t\t\t\t<\/div>\n\n\t\n\n\t<div id=\"col-1516512747\" class=\"col medium-6 small-12 large-6\"  >\n\t\t\t\t<div class=\"col-inner\"  >\n\t\t\t\n\t\t\t\n<div class=\"container section-title-container\" ><h2 class=\"section-title section-title-bold\"><b><\/b><span class=\"section-title-main\" >C\u00f3mo funciona<\/span><b><\/b><\/h2><\/div>\n<p>Completa el cuestionario de salud.<br \/>\nM\u00e9dicos certificados por la junta revisar\u00e1n tu caso y, si eres candidato, elaborar\u00e1n un plan individualizado para ti. No se te cobrar\u00e1 si no eres candidato.<br \/>\nEl medicamento se enviar\u00e1 a tu domicilio en un empaque discreto. \u00a1Estar\u00e1s en camino de ser tu mejor versi\u00f3n!<\/p>\n<p>Sin presi\u00f3n. Sin complicaciones. Solo ayuda real, de personas reales que se preocupan por ti.\ud83d\udc96<\/p>\n<a href=\"https:\/\/simplefixrx.com\/es\/order\/\" target=\"_blank\" class=\"button primary is-large\" rel=\"noopener\"  >\n\t\t<span>Comenzar<\/span>\n\t<\/a>\n\n\t\t<\/div>\n\t\t\t\t\t<\/div>\n\n\t\n<\/div>","protected":false},"excerpt":{"rendered":"","protected":false},"author":23,"featured_media":0,"parent":0,"menu_order":0,"comment_status":"closed","ping_status":"closed","template":"","meta":{"googlesitekit_rrm_CAowkq3dCw:productID":"","footnotes":""},"class_list":["post-2114","page","type-page","status-publish","hentry"],"yoast_head":"<!-- This site is optimized with the Yoast SEO plugin v25.5 - https:\/\/yoast.com\/wordpress\/plugins\/seo\/ -->\n<title>WEIGHT LOSS PROGRAMS - SimpleFix Rx<\/title>\n<meta name=\"description\" content=\"Achieve weight loss with GLP-1 using individualized treatment plans. Simple, science-backed care tailored to your goals, lifestyle, and budget.\" \/>\n<meta name=\"robots\" content=\"index, follow, max-snippet:-1, max-image-preview:large, max-video-preview:-1\" \/>\n<link rel=\"canonical\" href=\"https:\/\/simplefixrx.com\/es\/weight-loss-programs\/\" \/>\n<meta property=\"og:locale\" content=\"es_MX\" \/>\n<meta property=\"og:type\" content=\"article\" \/>\n<meta property=\"og:title\" content=\"WEIGHT LOSS PROGRAMS - SimpleFix Rx\" \/>\n<meta property=\"og:description\" content=\"Achieve weight loss with GLP-1 using individualized treatment plans. Simple, science-backed care tailored to your goals, lifestyle, and budget.\" \/>\n<meta property=\"og:url\" content=\"https:\/\/simplefixrx.com\/es\/weight-loss-programs\/\" \/>\n<meta property=\"og:site_name\" content=\"SimpleFix Rx\" \/>\n<meta property=\"article:modified_time\" content=\"2026-03-26T23:46:29+00:00\" \/>\n<meta name=\"twitter:card\" content=\"summary_large_image\" \/>\n<meta name=\"twitter:label1\" content=\"Tiempo de lectura\" \/>\n\t<meta name=\"twitter:data1\" content=\"1 minuto\" \/>\n<script type=\"application\/ld+json\" class=\"yoast-schema-graph\">{\"@context\":\"https:\/\/schema.org\",\"@graph\":[{\"@type\":\"WebPage\",\"@id\":\"https:\/\/simplefixrx.com\/weight-loss-programs\/\",\"url\":\"https:\/\/simplefixrx.com\/weight-loss-programs\/\",\"name\":\"WEIGHT LOSS PROGRAMS - SimpleFix Rx\",\"isPartOf\":{\"@id\":\"https:\/\/simplefixrx.com\/#website\"},\"datePublished\":\"2025-12-01T01:19:12+00:00\",\"dateModified\":\"2026-03-26T23:46:29+00:00\",\"description\":\"Achieve weight loss with GLP-1 using individualized treatment plans. Simple, science-backed care tailored to your goals, lifestyle, and budget.\",\"breadcrumb\":{\"@id\":\"https:\/\/simplefixrx.com\/weight-loss-programs\/#breadcrumb\"},\"inLanguage\":\"es\",\"potentialAction\":[{\"@type\":\"ReadAction\",\"target\":[\"https:\/\/simplefixrx.com\/weight-loss-programs\/\"]}]},{\"@type\":\"BreadcrumbList\",\"@id\":\"https:\/\/simplefixrx.com\/weight-loss-programs\/#breadcrumb\",\"itemListElement\":[{\"@type\":\"ListItem\",\"position\":1,\"name\":\"Home\",\"item\":\"https:\/\/simplefixrx.com\/\"},{\"@type\":\"ListItem\",\"position\":2,\"name\":\"WEIGHT LOSS PROGRAMS\"}]},{\"@type\":\"WebSite\",\"@id\":\"https:\/\/simplefixrx.com\/#website\",\"url\":\"https:\/\/simplefixrx.com\/\",\"name\":\"SimpleFix Rx\",\"description\":\"\",\"potentialAction\":[{\"@type\":\"SearchAction\",\"target\":{\"@type\":\"EntryPoint\",\"urlTemplate\":\"https:\/\/simplefixrx.com\/?s={search_term_string}\"},\"query-input\":{\"@type\":\"PropertyValueSpecification\",\"valueRequired\":true,\"valueName\":\"search_term_string\"}}],\"inLanguage\":\"es\"}]}<\/script>\n<!-- \/ Yoast SEO plugin. -->","yoast_head_json":{"title":"WEIGHT LOSS PROGRAMS - SimpleFix Rx","description":"Achieve weight loss with GLP-1 using individualized treatment plans. Simple, science-backed care tailored to your goals, lifestyle, and budget.","robots":{"index":"index","follow":"follow","max-snippet":"max-snippet:-1","max-image-preview":"max-image-preview:large","max-video-preview":"max-video-preview:-1"},"canonical":"https:\/\/simplefixrx.com\/es\/weight-loss-programs\/","og_locale":"es_MX","og_type":"article","og_title":"WEIGHT LOSS PROGRAMS - SimpleFix Rx","og_description":"Achieve weight loss with GLP-1 using individualized treatment plans. Simple, science-backed care tailored to your goals, lifestyle, and budget.","og_url":"https:\/\/simplefixrx.com\/es\/weight-loss-programs\/","og_site_name":"SimpleFix Rx","article_modified_time":"2026-03-26T23:46:29+00:00","twitter_card":"summary_large_image","twitter_misc":{"Tiempo de lectura":"1 minuto"},"schema":{"@context":"https:\/\/schema.org","@graph":[{"@type":"WebPage","@id":"https:\/\/simplefixrx.com\/weight-loss-programs\/","url":"https:\/\/simplefixrx.com\/weight-loss-programs\/","name":"WEIGHT LOSS PROGRAMS - SimpleFix Rx","isPartOf":{"@id":"https:\/\/simplefixrx.com\/#website"},"datePublished":"2025-12-01T01:19:12+00:00","dateModified":"2026-03-26T23:46:29+00:00","description":"Achieve weight loss with GLP-1 using individualized treatment plans. Simple, science-backed care tailored to your goals, lifestyle, and budget.","breadcrumb":{"@id":"https:\/\/simplefixrx.com\/weight-loss-programs\/#breadcrumb"},"inLanguage":"es","potentialAction":[{"@type":"ReadAction","target":["https:\/\/simplefixrx.com\/weight-loss-programs\/"]}]},{"@type":"BreadcrumbList","@id":"https:\/\/simplefixrx.com\/weight-loss-programs\/#breadcrumb","itemListElement":[{"@type":"ListItem","position":1,"name":"Home","item":"https:\/\/simplefixrx.com\/"},{"@type":"ListItem","position":2,"name":"WEIGHT LOSS PROGRAMS"}]},{"@type":"WebSite","@id":"https:\/\/simplefixrx.com\/#website","url":"https:\/\/simplefixrx.com\/","name":"SimpleFix Rx","description":"","potentialAction":[{"@type":"SearchAction","target":{"@type":"EntryPoint","urlTemplate":"https:\/\/simplefixrx.com\/?s={search_term_string}"},"query-input":{"@type":"PropertyValueSpecification","valueRequired":true,"valueName":"search_term_string"}}],"inLanguage":"es"}]}},"_links":{"self":[{"href":"https:\/\/simplefixrx.com\/es\/wp-json\/wp\/v2\/pages\/2114","targetHints":{"allow":["GET"]}}],"collection":[{"href":"https:\/\/simplefixrx.com\/es\/wp-json\/wp\/v2\/pages"}],"about":[{"href":"https:\/\/simplefixrx.com\/es\/wp-json\/wp\/v2\/types\/page"}],"author":[{"embeddable":true,"href":"https:\/\/simplefixrx.com\/es\/wp-json\/wp\/v2\/users\/23"}],"replies":[{"embeddable":true,"href":"https:\/\/simplefixrx.com\/es\/wp-json\/wp\/v2\/comments?post=2114"}],"version-history":[{"count":0,"href":"https:\/\/simplefixrx.com\/es\/wp-json\/wp\/v2\/pages\/2114\/revisions"}],"wp:attachment":[{"href":"https:\/\/simplefixrx.com\/es\/wp-json\/wp\/v2\/media?parent=2114"}],"curies":[{"name":"wp","href":"https:\/\/api.w.org\/{rel}","templated":true}]}}