{"id":964,"date":"2025-03-01T00:16:58","date_gmt":"2025-03-01T06:16:58","guid":{"rendered":"https:\/\/simplefixrx.com\/?post_type=product&#038;p=964"},"modified":"2025-07-16T15:23:02","modified_gmt":"2025-07-16T20:23:02","slug":"royal-hive-daily-moisturizer-with-zinc-oxide","status":"publish","type":"product","link":"https:\/\/simplefixrx.com\/es\/producto\/royal-hive-daily-moisturizer-with-zinc-oxide\/","title":{"rendered":"Hidratante Diario Royal Hive con \u00d3xido de Zinc \u2013 4.0 fl oz (120 mL)"},"content":{"rendered":"<p class=\"p1\"><strong><span class=\"s1\">Royal Hive Daily Moisturizer with Zinc Oxide<\/span><\/strong> is a powerhouse blend of natural ingredients that deeply hydrates, protects, and nourishes your skin. Beeswax and propolis lock in moisture while salicylic and glycolic acids gently exfoliate for a radiant complexion. Hyaluronic acid, vitamin C, and ferulic acid work together to brighten and even skin tone. Zinc oxide provides broad-spectrum mineral sun protection, making this the perfect all-in-one daily moisturizer for healthy, glowing skin.<\/p>\n<p class=\"p1\"><span class=\"s1\"><b>Crafted with:<\/b><\/span> Cera de abeja, \u00e1cido salic\u00edlico, \u00e1cido hialur\u00f3nico, vitamina E, manteca de karit\u00e9, \u00e1cido glic\u00f3lico, \u00e1cido l\u00e1ctico, prop\u00f3leo, aceite de oliva, ceramidas, vitamina C, \u00e1cido fer\u00falico y \u00f3xido de zinc<\/p>\n<p class=\"p1\"><b>4.0 fl oz (120 mL)<\/b><\/p>","protected":false},"excerpt":{"rendered":"<p class=\"p1\">Humectante diario hidratante con \u00f3xido de zinc para protecci\u00f3n solar, exfoliaci\u00f3n suave y un cutis radiante y nutrido.<\/p>\n<p class=\"p1\"><b>4.0 fl oz (120 mL)<\/b><\/p>","protected":false},"featured_media":957,"comment_status":"closed","ping_status":"closed","template":"","meta":{"googlesitekit_rrm_CAowkq3dCw:productID":""},"product_brand":[23],"product_cat":[22],"product_tag":[44,45],"class_list":{"0":"post-964","1":"product","2":"type-product","3":"status-publish","4":"has-post-thumbnail","6":"product_brand-royal-hive-skincare","7":"product_cat-skin-care","8":"product_tag-glp-1","9":"product_tag-zinc-moisturizer","11":"first","12":"instock","13":"shipping-taxable","14":"product-type-external"},"yoast_head":"<!-- This site is optimized with the Yoast SEO plugin v25.5 - https:\/\/yoast.com\/wordpress\/plugins\/seo\/ -->\n<title>GLP-1 &amp; Zinc Moisturizer | Hydrate, Calm &amp; Protect Skin<\/title>\n<meta name=\"description\" content=\"Our GLP-1 and Zinc-infused moisturizer delivers deep hydration while calming inflammation and supporting skin barrier repair.\" \/>\n<meta name=\"robots\" content=\"index, follow, max-snippet:-1, max-image-preview:large, max-video-preview:-1\" \/>\n<link rel=\"canonical\" href=\"https:\/\/simplefixrx.com\/es\/producto\/royal-hive-daily-moisturizer-with-zinc-oxide\/\" \/>\n<meta property=\"og:locale\" content=\"es_MX\" \/>\n<meta property=\"og:type\" content=\"article\" \/>\n<meta property=\"og:title\" content=\"GLP-1 &amp; Zinc Moisturizer | Hydrate, Calm &amp; Protect Skin\" \/>\n<meta property=\"og:description\" content=\"Our GLP-1 and Zinc-infused moisturizer delivers deep hydration while calming inflammation and supporting skin barrier repair.\" \/>\n<meta property=\"og:url\" content=\"https:\/\/simplefixrx.com\/es\/producto\/royal-hive-daily-moisturizer-with-zinc-oxide\/\" \/>\n<meta property=\"og:site_name\" content=\"SimpleFix Rx\" \/>\n<meta property=\"article:modified_time\" content=\"2025-07-16T20:23:02+00:00\" \/>\n<meta property=\"og:image\" content=\"https:\/\/simplefixrx.com\/wp-content\/uploads\/2025\/02\/anti-aging-daily-moisturizer.jpg\" \/>\n\t<meta property=\"og:image:width\" content=\"1080\" \/>\n\t<meta property=\"og:image:height\" content=\"1080\" \/>\n\t<meta property=\"og:image:type\" content=\"image\/jpeg\" \/>\n<meta name=\"twitter:card\" content=\"summary_large_image\" \/>\n<meta name=\"twitter:label1\" content=\"Tiempo de lectura\" \/>\n\t<meta name=\"twitter:data1\" content=\"1 minuto\" \/>\n<script type=\"application\/ld+json\" class=\"yoast-schema-graph\">{\"@context\":\"https:\/\/schema.org\",\"@graph\":[{\"@type\":\"WebPage\",\"@id\":\"https:\/\/simplefixrx.com\/product\/royal-hive-daily-moisturizer-with-zinc-oxide\/\",\"url\":\"https:\/\/simplefixrx.com\/product\/royal-hive-daily-moisturizer-with-zinc-oxide\/\",\"name\":\"GLP-1 & Zinc Moisturizer | Hydrate, Calm & Protect Skin\",\"isPartOf\":{\"@id\":\"https:\/\/simplefixrx.com\/#website\"},\"primaryImageOfPage\":{\"@id\":\"https:\/\/simplefixrx.com\/product\/royal-hive-daily-moisturizer-with-zinc-oxide\/#primaryimage\"},\"image\":{\"@id\":\"https:\/\/simplefixrx.com\/product\/royal-hive-daily-moisturizer-with-zinc-oxide\/#primaryimage\"},\"thumbnailUrl\":\"https:\/\/simplefixrx.com\/wp-content\/uploads\/2025\/02\/anti-aging-daily-moisturizer.jpg\",\"datePublished\":\"2025-03-01T06:16:58+00:00\",\"dateModified\":\"2025-07-16T20:23:02+00:00\",\"description\":\"Our GLP-1 and Zinc-infused moisturizer delivers deep hydration while calming inflammation and supporting skin barrier repair.\",\"breadcrumb\":{\"@id\":\"https:\/\/simplefixrx.com\/product\/royal-hive-daily-moisturizer-with-zinc-oxide\/#breadcrumb\"},\"inLanguage\":\"es\",\"potentialAction\":[{\"@type\":\"ReadAction\",\"target\":[\"https:\/\/simplefixrx.com\/product\/royal-hive-daily-moisturizer-with-zinc-oxide\/\"]}]},{\"@type\":\"ImageObject\",\"inLanguage\":\"es\",\"@id\":\"https:\/\/simplefixrx.com\/product\/royal-hive-daily-moisturizer-with-zinc-oxide\/#primaryimage\",\"url\":\"https:\/\/simplefixrx.com\/wp-content\/uploads\/2025\/02\/anti-aging-daily-moisturizer.jpg\",\"contentUrl\":\"https:\/\/simplefixrx.com\/wp-content\/uploads\/2025\/02\/anti-aging-daily-moisturizer.jpg\",\"width\":1080,\"height\":1080,\"caption\":\"GLP-1\"},{\"@type\":\"BreadcrumbList\",\"@id\":\"https:\/\/simplefixrx.com\/product\/royal-hive-daily-moisturizer-with-zinc-oxide\/#breadcrumb\",\"itemListElement\":[{\"@type\":\"ListItem\",\"position\":1,\"name\":\"Home\",\"item\":\"https:\/\/simplefixrx.com\/\"},{\"@type\":\"ListItem\",\"position\":2,\"name\":\"Products\",\"item\":\"https:\/\/simplefixrx.com\/shop\/\"},{\"@type\":\"ListItem\",\"position\":3,\"name\":\"Royal Hive Daily Moisturizer with Zinc Oxide &#8211; 4.0 fl oz (120 mL)\"}]},{\"@type\":\"WebSite\",\"@id\":\"https:\/\/simplefixrx.com\/#website\",\"url\":\"https:\/\/simplefixrx.com\/\",\"name\":\"SimpleFix Rx\",\"description\":\"\",\"potentialAction\":[{\"@type\":\"SearchAction\",\"target\":{\"@type\":\"EntryPoint\",\"urlTemplate\":\"https:\/\/simplefixrx.com\/?s={search_term_string}\"},\"query-input\":{\"@type\":\"PropertyValueSpecification\",\"valueRequired\":true,\"valueName\":\"search_term_string\"}}],\"inLanguage\":\"es\"}]}<\/script>\n<!-- \/ Yoast SEO plugin. -->","yoast_head_json":{"title":"GLP-1 & Zinc Moisturizer | Hydrate, Calm & Protect Skin","description":"Our GLP-1 and Zinc-infused moisturizer delivers deep hydration while calming inflammation and supporting skin barrier repair.","robots":{"index":"index","follow":"follow","max-snippet":"max-snippet:-1","max-image-preview":"max-image-preview:large","max-video-preview":"max-video-preview:-1"},"canonical":"https:\/\/simplefixrx.com\/es\/producto\/royal-hive-daily-moisturizer-with-zinc-oxide\/","og_locale":"es_MX","og_type":"article","og_title":"GLP-1 & Zinc Moisturizer | Hydrate, Calm & Protect Skin","og_description":"Our GLP-1 and Zinc-infused moisturizer delivers deep hydration while calming inflammation and supporting skin barrier repair.","og_url":"https:\/\/simplefixrx.com\/es\/producto\/royal-hive-daily-moisturizer-with-zinc-oxide\/","og_site_name":"SimpleFix Rx","article_modified_time":"2025-07-16T20:23:02+00:00","og_image":[{"width":1080,"height":1080,"url":"https:\/\/simplefixrx.com\/wp-content\/uploads\/2025\/02\/anti-aging-daily-moisturizer.jpg","type":"image\/jpeg"}],"twitter_card":"summary_large_image","twitter_misc":{"Tiempo de lectura":"1 minuto"},"schema":{"@context":"https:\/\/schema.org","@graph":[{"@type":"WebPage","@id":"https:\/\/simplefixrx.com\/product\/royal-hive-daily-moisturizer-with-zinc-oxide\/","url":"https:\/\/simplefixrx.com\/product\/royal-hive-daily-moisturizer-with-zinc-oxide\/","name":"GLP-1 & Zinc Moisturizer | Hydrate, Calm & Protect Skin","isPartOf":{"@id":"https:\/\/simplefixrx.com\/#website"},"primaryImageOfPage":{"@id":"https:\/\/simplefixrx.com\/product\/royal-hive-daily-moisturizer-with-zinc-oxide\/#primaryimage"},"image":{"@id":"https:\/\/simplefixrx.com\/product\/royal-hive-daily-moisturizer-with-zinc-oxide\/#primaryimage"},"thumbnailUrl":"https:\/\/simplefixrx.com\/wp-content\/uploads\/2025\/02\/anti-aging-daily-moisturizer.jpg","datePublished":"2025-03-01T06:16:58+00:00","dateModified":"2025-07-16T20:23:02+00:00","description":"Our GLP-1 and Zinc-infused moisturizer delivers deep hydration while calming inflammation and supporting skin barrier repair.","breadcrumb":{"@id":"https:\/\/simplefixrx.com\/product\/royal-hive-daily-moisturizer-with-zinc-oxide\/#breadcrumb"},"inLanguage":"es","potentialAction":[{"@type":"ReadAction","target":["https:\/\/simplefixrx.com\/product\/royal-hive-daily-moisturizer-with-zinc-oxide\/"]}]},{"@type":"ImageObject","inLanguage":"es","@id":"https:\/\/simplefixrx.com\/product\/royal-hive-daily-moisturizer-with-zinc-oxide\/#primaryimage","url":"https:\/\/simplefixrx.com\/wp-content\/uploads\/2025\/02\/anti-aging-daily-moisturizer.jpg","contentUrl":"https:\/\/simplefixrx.com\/wp-content\/uploads\/2025\/02\/anti-aging-daily-moisturizer.jpg","width":1080,"height":1080,"caption":"GLP-1"},{"@type":"BreadcrumbList","@id":"https:\/\/simplefixrx.com\/product\/royal-hive-daily-moisturizer-with-zinc-oxide\/#breadcrumb","itemListElement":[{"@type":"ListItem","position":1,"name":"Home","item":"https:\/\/simplefixrx.com\/"},{"@type":"ListItem","position":2,"name":"Products","item":"https:\/\/simplefixrx.com\/shop\/"},{"@type":"ListItem","position":3,"name":"Royal Hive Daily Moisturizer with Zinc Oxide &#8211; 4.0 fl oz (120 mL)"}]},{"@type":"WebSite","@id":"https:\/\/simplefixrx.com\/#website","url":"https:\/\/simplefixrx.com\/","name":"SimpleFix Rx","description":"","potentialAction":[{"@type":"SearchAction","target":{"@type":"EntryPoint","urlTemplate":"https:\/\/simplefixrx.com\/?s={search_term_string}"},"query-input":{"@type":"PropertyValueSpecification","valueRequired":true,"valueName":"search_term_string"}}],"inLanguage":"es"}]}},"_links":{"self":[{"href":"https:\/\/simplefixrx.com\/es\/wp-json\/wp\/v2\/product\/964","targetHints":{"allow":["GET"]}}],"collection":[{"href":"https:\/\/simplefixrx.com\/es\/wp-json\/wp\/v2\/product"}],"about":[{"href":"https:\/\/simplefixrx.com\/es\/wp-json\/wp\/v2\/types\/product"}],"replies":[{"embeddable":true,"href":"https:\/\/simplefixrx.com\/es\/wp-json\/wp\/v2\/comments?post=964"}],"wp:featuredmedia":[{"embeddable":true,"href":"https:\/\/simplefixrx.com\/es\/wp-json\/wp\/v2\/media\/957"}],"wp:attachment":[{"href":"https:\/\/simplefixrx.com\/es\/wp-json\/wp\/v2\/media?parent=964"}],"wp:term":[{"taxonomy":"product_brand","embeddable":true,"href":"https:\/\/simplefixrx.com\/es\/wp-json\/wp\/v2\/product_brand?post=964"},{"taxonomy":"product_cat","embeddable":true,"href":"https:\/\/simplefixrx.com\/es\/wp-json\/wp\/v2\/product_cat?post=964"},{"taxonomy":"product_tag","embeddable":true,"href":"https:\/\/simplefixrx.com\/es\/wp-json\/wp\/v2\/product_tag?post=964"}],"curies":[{"name":"wp","href":"https:\/\/api.w.org\/{rel}","templated":true}]}}